{"id":110,"date":"2022-01-14T11:31:09","date_gmt":"2022-01-14T11:31:09","guid":{"rendered":"http:\/\/online.sportnaklinika.si\/moj-racun\/"},"modified":"2024-12-24T13:40:47","modified_gmt":"2024-12-24T13:40:47","slug":"moj-racun","status":"publish","type":"page","link":"https:\/\/online.sportnaklinika.si\/en\/moj-racun\/","title":{"rendered":"Moj ra\u010dun"},"content":{"rendered":"<div data-elementor-type=\"page\" data-elementor-id=\"10638\" class=\"elementor elementor-10638\" data-elementor-post-type=\"elementor_library\">\n\t\t\t\t\t\t<section class=\"has_eae_slider elementor-section elementor-top-section elementor-element elementor-element-4ef94da3 elementor-section-boxed elementor-section-height-default elementor-section-height-default\" data-eae-slider=\"64080\" data-id=\"4ef94da3\" data-element_type=\"section\" data-e-type=\"section\">\n\t\t\t\t\t\t<div class=\"elementor-container elementor-column-gap-default\">\n\t\t\t\t\t<div class=\"has_eae_slider elementor-column elementor-col-100 elementor-top-column elementor-element elementor-element-6f36715f\" data-eae-slider=\"73033\" data-id=\"6f36715f\" data-element_type=\"column\" data-e-type=\"column\">\n\t\t\t<div class=\"elementor-widget-wrap elementor-element-populated\">\n\t\t\t\t<div class=\"has_eae_slider elementor-element elementor-element-2e7257b7 e-flex e-con-boxed e-con e-parent\" data-eae-slider=\"8295\" data-id=\"2e7257b7\" data-element_type=\"container\" data-e-type=\"container\" data-settings=\"{&quot;background_background&quot;:&quot;classic&quot;}\">\n\t\t\t\t\t<div class=\"e-con-inner\">\n\t\t\t\t<div class=\"elementor-element elementor-element-8ac573e elementor-widget elementor-widget-heading\" data-id=\"8ac573e\" data-element_type=\"widget\" data-e-type=\"widget\" data-widget_type=\"heading.default\">\n\t\t\t\t<div class=\"elementor-widget-container\">\n\t\t\t\t\t<h1 class=\"elementor-heading-title elementor-size-default\">Moj ra\u010dun<\/h1>\t\t\t\t<\/div>\n\t\t\t\t<\/div>\n\t\t\t\t<div class=\"elementor-element elementor-element-7b120dad elementor-widget elementor-widget-heading\" data-id=\"7b120dad\" data-element_type=\"widget\" data-e-type=\"widget\" data-widget_type=\"heading.default\">\n\t\t\t\t<div class=\"elementor-widget-container\">\n\t\t\t\t\t<p class=\"elementor-heading-title elementor-size-default\">Moji dose\u017eki<\/p>\t\t\t\t<\/div>\n\t\t\t\t<\/div>\n\t\t\t\t\t<\/div>\n\t\t\t\t<\/div>\n\t\t\t\t\t<\/div>\n\t\t<\/div>\n\t\t\t\t\t<\/div>\n\t\t<\/section>\n\t\t\t\t<\/div>\n\t\t\n\n\n\n\n\t\t<div data-elementor-type=\"page\" data-elementor-id=\"10642\" class=\"elementor elementor-10642\" data-elementor-post-type=\"elementor_library\">\n\t\t\t\t\t\t<section class=\"has_eae_slider elementor-section elementor-top-section elementor-element elementor-element-22337e6c elementor-section-boxed elementor-section-height-default elementor-section-height-default\" data-eae-slider=\"37577\" data-id=\"22337e6c\" data-element_type=\"section\" data-e-type=\"section\">\n\t\t\t\t\t\t<div class=\"elementor-container elementor-column-gap-default\">\n\t\t\t\t\t<div class=\"has_eae_slider elementor-column elementor-col-100 elementor-top-column elementor-element elementor-element-269efde0\" data-eae-slider=\"81061\" data-id=\"269efde0\" data-element_type=\"column\" data-e-type=\"column\">\n\t\t\t<div class=\"elementor-widget-wrap elementor-element-populated\">\n\t\t\t\t\t\t<div class=\"elementor-element elementor-element-51394f02 e-my-account-tabs-vertical elementor-widget elementor-widget-woocommerce-my-account\" data-id=\"51394f02\" data-element_type=\"widget\" data-e-type=\"widget\" data-widget_type=\"woocommerce-my-account.default\">\n\t\t\t\t<div class=\"elementor-widget-container\">\n\t\t\t\t\t<div class=\"e-my-account-tab e-my-account-tab__\">\t\t\t<div class=\"woocommerce\"><\/div>\t\t<\/div>\n\t\t\t\t\t\t<\/div>\n\t\t\t\t<\/div>\n\t\t\t\t\t<\/div>\n\t\t<\/div>\n\t\t\t\t\t<\/div>\n\t\t<\/section>\n\t\t\t\t<\/div>","protected":false},"excerpt":{"rendered":"","protected":false},"author":1,"featured_media":0,"parent":0,"menu_order":0,"comment_status":"closed","ping_status":"closed","template":"elementor_header_footer","meta":{"_acf_changed":false,"footnotes":""},"class_list":["post-110","page","type-page","status-publish","hentry"],"acf":[],"yoast_head":"<!-- This site is optimized with the Yoast SEO plugin v27.3 - https:\/\/yoast.com\/product\/yoast-seo-wordpress\/ -->\n<title>Moj Ra\u010dun - Online Vadba \u0160portne Klinike<\/title>\n<meta name=\"description\" content=\"Moj ra\u010dun - dostopajte do svoje video-knji\u017enice, urejajte svojo naro\u010dnino in \u0161e ve\u010d. Online vadba \u0160portne Klinike.\" \/>\n<meta name=\"robots\" content=\"index, follow, max-snippet:-1, max-image-preview:large, max-video-preview:-1\" \/>\n<link rel=\"canonical\" href=\"https:\/\/online.sportnaklinika.si\/en\/moj-racun\/\" \/>\n<meta property=\"og:locale\" content=\"en_US\" \/>\n<meta property=\"og:type\" content=\"article\" \/>\n<meta property=\"og:title\" content=\"Moj Ra\u010dun - Online Vadba \u0160portne Klinike\" \/>\n<meta property=\"og:description\" content=\"Moj ra\u010dun - dostopajte do svoje video-knji\u017enice, urejajte svojo naro\u010dnino in \u0161e ve\u010d. Online vadba \u0160portne Klinike.\" \/>\n<meta property=\"og:url\" content=\"https:\/\/online.sportnaklinika.si\/en\/moj-racun\/\" \/>\n<meta property=\"og:site_name\" content=\"Online \u0160portna Klinika\" \/>\n<meta property=\"article:modified_time\" content=\"2024-12-24T13:40:47+00:00\" \/>\n<meta name=\"twitter:card\" content=\"summary_large_image\" \/>\n<meta name=\"twitter:label1\" content=\"Est. reading time\" \/>\n\t<meta name=\"twitter:data1\" content=\"1 minute\" \/>\n<script type=\"application\/ld+json\" class=\"yoast-schema-graph\">{\"@context\":\"https:\\\/\\\/schema.org\",\"@graph\":[{\"@type\":\"WebPage\",\"@id\":\"https:\\\/\\\/online.sportnaklinika.si\\\/moj-racun\\\/\",\"url\":\"https:\\\/\\\/online.sportnaklinika.si\\\/moj-racun\\\/\",\"name\":\"Moj Ra\u010dun - Online Vadba \u0160portne Klinike\",\"isPartOf\":{\"@id\":\"https:\\\/\\\/online.sportnaklinika.si\\\/#website\"},\"datePublished\":\"2022-01-14T11:31:09+00:00\",\"dateModified\":\"2024-12-24T13:40:47+00:00\",\"description\":\"Moj ra\u010dun - dostopajte do svoje video-knji\u017enice, urejajte svojo naro\u010dnino in \u0161e ve\u010d. Online vadba \u0160portne Klinike.\",\"breadcrumb\":{\"@id\":\"https:\\\/\\\/online.sportnaklinika.si\\\/moj-racun\\\/#breadcrumb\"},\"inLanguage\":\"en-US\",\"potentialAction\":[{\"@type\":\"ReadAction\",\"target\":[\"https:\\\/\\\/online.sportnaklinika.si\\\/moj-racun\\\/\"]}]},{\"@type\":\"BreadcrumbList\",\"@id\":\"https:\\\/\\\/online.sportnaklinika.si\\\/moj-racun\\\/#breadcrumb\",\"itemListElement\":[{\"@type\":\"ListItem\",\"position\":1,\"name\":\"Home\",\"item\":\"https:\\\/\\\/online.sportnaklinika.si\\\/\"},{\"@type\":\"ListItem\",\"position\":2,\"name\":\"Moj ra\u010dun\"}]},{\"@type\":\"WebSite\",\"@id\":\"https:\\\/\\\/online.sportnaklinika.si\\\/#website\",\"url\":\"https:\\\/\\\/online.sportnaklinika.si\\\/\",\"name\":\"Online \u0160portna Klinika\",\"description\":\"Online vadba za \u017eenske 40-60 let, prilagojena online vadba za \u017eenske.\",\"publisher\":{\"@id\":\"https:\\\/\\\/online.sportnaklinika.si\\\/#organization\"},\"potentialAction\":[{\"@type\":\"SearchAction\",\"target\":{\"@type\":\"EntryPoint\",\"urlTemplate\":\"https:\\\/\\\/online.sportnaklinika.si\\\/?s={search_term_string}\"},\"query-input\":{\"@type\":\"PropertyValueSpecification\",\"valueRequired\":true,\"valueName\":\"search_term_string\"}}],\"inLanguage\":\"en-US\"},{\"@type\":\"Organization\",\"@id\":\"https:\\\/\\\/online.sportnaklinika.si\\\/#organization\",\"name\":\"Online \u0160portna Klinika\",\"url\":\"https:\\\/\\\/online.sportnaklinika.si\\\/\",\"logo\":{\"@type\":\"ImageObject\",\"inLanguage\":\"en-US\",\"@id\":\"https:\\\/\\\/online.sportnaklinika.si\\\/#\\\/schema\\\/logo\\\/image\\\/\",\"url\":\"https:\\\/\\\/online.sportnaklinika.si\\\/wp-content\\\/uploads\\\/2023\\\/11\\\/cropped-P-01.png\",\"contentUrl\":\"https:\\\/\\\/online.sportnaklinika.si\\\/wp-content\\\/uploads\\\/2023\\\/11\\\/cropped-P-01.png\",\"width\":2940,\"height\":492,\"caption\":\"Online \u0160portna Klinika\"},\"image\":{\"@id\":\"https:\\\/\\\/online.sportnaklinika.si\\\/#\\\/schema\\\/logo\\\/image\\\/\"}}]}<\/script>\n<!-- \/ Yoast SEO plugin. -->","yoast_head_json":{"title":"Moj Ra\u010dun - Online Vadba \u0160portne Klinike","description":"Moj ra\u010dun - dostopajte do svoje video-knji\u017enice, urejajte svojo naro\u010dnino in \u0161e ve\u010d. Online vadba \u0160portne Klinike.","robots":{"index":"index","follow":"follow","max-snippet":"max-snippet:-1","max-image-preview":"max-image-preview:large","max-video-preview":"max-video-preview:-1"},"canonical":"https:\/\/online.sportnaklinika.si\/en\/moj-racun\/","og_locale":"en_US","og_type":"article","og_title":"Moj Ra\u010dun - Online Vadba \u0160portne Klinike","og_description":"Moj ra\u010dun - dostopajte do svoje video-knji\u017enice, urejajte svojo naro\u010dnino in \u0161e ve\u010d. Online vadba \u0160portne Klinike.","og_url":"https:\/\/online.sportnaklinika.si\/en\/moj-racun\/","og_site_name":"Online \u0160portna Klinika","article_modified_time":"2024-12-24T13:40:47+00:00","twitter_card":"summary_large_image","twitter_misc":{"Est. reading time":"1 minute"},"schema":{"@context":"https:\/\/schema.org","@graph":[{"@type":"WebPage","@id":"https:\/\/online.sportnaklinika.si\/moj-racun\/","url":"https:\/\/online.sportnaklinika.si\/moj-racun\/","name":"Moj Ra\u010dun - Online Vadba \u0160portne Klinike","isPartOf":{"@id":"https:\/\/online.sportnaklinika.si\/#website"},"datePublished":"2022-01-14T11:31:09+00:00","dateModified":"2024-12-24T13:40:47+00:00","description":"Moj ra\u010dun - dostopajte do svoje video-knji\u017enice, urejajte svojo naro\u010dnino in \u0161e ve\u010d. Online vadba \u0160portne Klinike.","breadcrumb":{"@id":"https:\/\/online.sportnaklinika.si\/moj-racun\/#breadcrumb"},"inLanguage":"en-US","potentialAction":[{"@type":"ReadAction","target":["https:\/\/online.sportnaklinika.si\/moj-racun\/"]}]},{"@type":"BreadcrumbList","@id":"https:\/\/online.sportnaklinika.si\/moj-racun\/#breadcrumb","itemListElement":[{"@type":"ListItem","position":1,"name":"Home","item":"https:\/\/online.sportnaklinika.si\/"},{"@type":"ListItem","position":2,"name":"Moj ra\u010dun"}]},{"@type":"WebSite","@id":"https:\/\/online.sportnaklinika.si\/#website","url":"https:\/\/online.sportnaklinika.si\/","name":"Online \u0160portna Klinika","description":"Online vadba za \u017eenske 40-60 let, prilagojena online vadba za \u017eenske.","publisher":{"@id":"https:\/\/online.sportnaklinika.si\/#organization"},"potentialAction":[{"@type":"SearchAction","target":{"@type":"EntryPoint","urlTemplate":"https:\/\/online.sportnaklinika.si\/?s={search_term_string}"},"query-input":{"@type":"PropertyValueSpecification","valueRequired":true,"valueName":"search_term_string"}}],"inLanguage":"en-US"},{"@type":"Organization","@id":"https:\/\/online.sportnaklinika.si\/#organization","name":"Online \u0160portna Klinika","url":"https:\/\/online.sportnaklinika.si\/","logo":{"@type":"ImageObject","inLanguage":"en-US","@id":"https:\/\/online.sportnaklinika.si\/#\/schema\/logo\/image\/","url":"https:\/\/online.sportnaklinika.si\/wp-content\/uploads\/2023\/11\/cropped-P-01.png","contentUrl":"https:\/\/online.sportnaklinika.si\/wp-content\/uploads\/2023\/11\/cropped-P-01.png","width":2940,"height":492,"caption":"Online \u0160portna Klinika"},"image":{"@id":"https:\/\/online.sportnaklinika.si\/#\/schema\/logo\/image\/"}}]}},"_links":{"self":[{"href":"https:\/\/online.sportnaklinika.si\/en\/wp-json\/wp\/v2\/pages\/110","targetHints":{"allow":["GET"]}}],"collection":[{"href":"https:\/\/online.sportnaklinika.si\/en\/wp-json\/wp\/v2\/pages"}],"about":[{"href":"https:\/\/online.sportnaklinika.si\/en\/wp-json\/wp\/v2\/types\/page"}],"author":[{"embeddable":true,"href":"https:\/\/online.sportnaklinika.si\/en\/wp-json\/wp\/v2\/users\/1"}],"replies":[{"embeddable":true,"href":"https:\/\/online.sportnaklinika.si\/en\/wp-json\/wp\/v2\/comments?post=110"}],"version-history":[{"count":0,"href":"https:\/\/online.sportnaklinika.si\/en\/wp-json\/wp\/v2\/pages\/110\/revisions"}],"wp:attachment":[{"href":"https:\/\/online.sportnaklinika.si\/en\/wp-json\/wp\/v2\/media?parent=110"}],"curies":[{"name":"wp","href":"https:\/\/api.w.org\/{rel}","templated":true}]}}