{"id":1675,"date":"2022-07-26T20:09:43","date_gmt":"2022-07-26T20:09:43","guid":{"rendered":"https:\/\/online.sportnaklinika.si\/?page_id=1675"},"modified":"2022-07-29T17:01:09","modified_gmt":"2022-07-29T17:01:09","slug":"piskotki","status":"publish","type":"page","link":"https:\/\/online.sportnaklinika.si\/en\/piskotki\/","title":{"rendered":"Pi\u0161kotki"},"content":{"rendered":"<div data-elementor-type=\"wp-page\" data-elementor-id=\"1675\" class=\"elementor elementor-1675\" data-elementor-post-type=\"page\">\n\t\t\t\t\t\t<section class=\"has_eae_slider elementor-section elementor-top-section elementor-element elementor-element-3f1796d elementor-section-boxed elementor-section-height-default elementor-section-height-default\" data-eae-slider=\"28261\" data-id=\"3f1796d\" data-element_type=\"section\" data-e-type=\"section\">\n\t\t\t\t\t\t<div class=\"elementor-container elementor-column-gap-default\">\n\t\t\t\t\t<div class=\"has_eae_slider elementor-column elementor-col-100 elementor-top-column elementor-element elementor-element-5362844\" data-eae-slider=\"97893\" data-id=\"5362844\" data-element_type=\"column\" data-e-type=\"column\">\n\t\t\t<div class=\"elementor-widget-wrap elementor-element-populated\">\n\t\t\t\t\t\t<div class=\"elementor-element elementor-element-91f2826 elementor-widget elementor-widget-heading\" data-id=\"91f2826\" data-element_type=\"widget\" data-e-type=\"widget\" data-widget_type=\"heading.default\">\n\t\t\t\t<div class=\"elementor-widget-container\">\n\t\t\t\t\t<h2 class=\"elementor-heading-title elementor-size-default\">Pi\u0161kotki<\/h2>\t\t\t\t<\/div>\n\t\t\t\t<\/div>\n\t\t\t\t<div class=\"elementor-element elementor-element-f8baafa elementor-widget elementor-widget-text-editor\" data-id=\"f8baafa\" data-element_type=\"widget\" data-e-type=\"widget\" data-widget_type=\"text-editor.default\">\n\t\t\t\t<div class=\"elementor-widget-container\">\n\t\t\t\t\t\t\t\t\t<h4>Varovanje zasebnosti<\/h4><p>1. Online \u0160portna Klinika spo\u0161tuje va\u0161o zasebnost in se zavezuje, da bo osebne podatke, pridobljene preko spletnega informacijskega sistema, skrbno varovala in jih brez va\u0161e privolitve ne bo posredovala tretji osebi oziroma jih uporabila v druge namene. Ker obstajajo v spletnem informacijskem sistemu dolo\u010dene povezave na druge, zunanje spletne strani, ki niso vezane na spletne strani Online \u0160portna Klinika , ne prevzemamo nobene odgovornosti za za\u0161\u010dito podatkov na teh spletnih straneh.<\/p><h4>Pi\u0161kotki (angl. Cookies)<\/h4><p>2. Pi\u0161kotki so informacija o va\u0161em obisku spletnih strani. Na va\u0161 ra\u010dunalnik se ob obisku spletne strani namesti pi\u0161kotek (datoteka z informacijami), ki na eni strani poskrbi za enostavnost in hitrost, vendar pa po drugi strani predstavlja tudi vdiranje v zasebnost oziroma mo\u017enost kasnej\u0161ega usmerjenega ogla\u0161evanja.<\/p><h4>Vsebina pi\u0161kotkas<\/h4><p>3. V pi\u0161kotku so osnovni podatki o va\u0161em obisku dolo\u010dene spletne strani. Najprej je zapisano ime va\u0161ega ra\u010dunalnika oziroma va\u0161e ime ter ime obiskane spletne strani. Vsebina pi\u0161kotka se shrani na va\u0161em ra\u010dunalniku v posebnem direktoriju. Z dvakratnim klikom na datoteko dobite podrobnej\u0161e informacije o obiskani spletni strani, datumu in uri obiska. Vsi ti podatki so shranjeni tudi pri upravljavcu spletne strani, ki ste jo obiskali. Na ta na\u010din se lahko izve marsikaj o strojni opremi va\u0161ega ra\u010dunalnika in uporabi interneta.<\/p><p>4. Pi\u0161kotke lahko z dolo\u010denimi nastavitvami bri\u0161emo, izklju\u010dujemo oziroma jih pogojno uporabljamo. V osnovi so brskalniki nastavljeni tako, da pi\u0161kotke sprejemajo, zavra\u010dajo pa nastavljanje pi\u0161kotkov, ki ne izvirajo s podro\u010dja zapisanega v naslovni vrstici.<\/p><p>5. Online \u0160portna Klinika se zavezuje, da bo po svojih najbolj\u0161ih mo\u010deh varovala podatke in zasebnost obiskovalcev spletnih strani. Da bi prepre\u010dili nepoobla\u0161\u010den dostop do pridobljenih podatkov ali njihovo razkritje, ohranili natan\u010dnost osebnih podatkov in zagotovili njihovo ustrezno uporabo, uporabljamo ustrezne tehni\u010dne in organizacijske postopke za zavarovanje podatkov, ki jih zbiramo.<\/p><p><strong>1. Sistemski pi\u0161kotki<\/strong><\/p><table><tbody><tr><th>Ime pi\u0161kotka<\/th><th>Namen uporabe<\/th><th>\u010cas veljave<\/th><\/tr><tr><td>cookieconsent_status<\/td><td>Hrani informacijo o tem ali ste pi\u0161kotke dovolili ali ne<\/td><td>1 leto<\/td><\/tr><tr><td>october_session<\/td><td>Hrani informacijo o trenutni seji (ko\u0161arica ipd)<\/td><td>do konca seje<\/td><\/tr><\/tbody><\/table><p>Sistemski pi\u0161kotki so del platforme, ki jo uporabljamo in se bodo nalo\u017eili v vsakem primeru.<\/p><p><strong>2. Analiti\u010dni pi\u0161kotki<\/strong><\/p><p>\u00a0<\/p><table><tbody><tr><th>Ime pi\u0161kotka<\/th><th>Namen uporabe<\/th><th>\u010cas veljave<\/th><\/tr><tr><td>_ga<\/td><td>Google Analytics<br \/>(statistika ogledov spletne strani)<\/td><td>2 leti<\/td><\/tr><tr><td>_gat<\/td><td>Google Analytics<br \/>(statistika ogledov spletne strani)<\/td><td>1 minuto<\/td><\/tr><tr><td>_gid<\/td><td>Google Analytics<br \/>(statistika ogledov spletne strani)<\/td><td>1 dan<\/td><\/tr><\/tbody><\/table><p>Analiti\u010dni pi\u0161kotki se bodo nalo\u017eili samo, \u010de boste dovolili uporabo pi\u0161kotkov. Ve\u010d o pi\u0161kotkih, ki jih uporablja Google Analytics si lahko preberete na naslovu <a href=\"https:\/\/developers.google.com\/analytics\/devguides\/collection\/analyticsjs\/cookie-usage\">https:\/\/developers.google.com\/analytics\/devguides\/collection\/analyticsjs\/cookie-usage<\/a><\/p><p>Onemogo\u010danje pi\u0161kotkov<\/p><p>Uporabniki se lahko samostojno odlo\u010dite, ali \u017eelite omogo\u010diti uporabo pi\u0161kotkov. Nastavitve za pi\u0161kotke lahko nadzirate in spreminjate v svojem spletnem brskalniku. Informacije o nastavitvah za pi\u0161kotke (za razli\u010dne spletne brskalnike) so na voljo na spodnjih povezavah:<\/p><ul><li><a href=\"https:\/\/support.google.com\/chrome\/answer\/95647?hl=sl-sl&amp;p=cpn_cookies\">Chrome<\/a><\/li><li><a href=\"https:\/\/support.mozilla.org\/sl\/users\/auth?next=%2Fsl%2Fkb%2Fnew%3Ftitle%3DKako%2Bomogo%25C4%258Dite%2Bin%2Bonemogo%25C4%258Dite%2Bpi%25C5%25A1kotke%252C%2Bv%2Bkaterih%2Bspletne%2Bstrani%2Bhranijo%2Bva%25C5%25A1e%2Bnastavitve%26redirectslug%3Dkako-omogocite-onemogocite-piskote-v-katerih-splet%26redirectlocale%3Dsl\">Firefox<\/a><\/li><li><a href=\"https:\/\/help.opera.com\/en\/latest\/web-preferences\/\">Opera (stran v angle\u0161kem jeziku)<\/a><\/li><li><a href=\"https:\/\/support.apple.com\/en-gb\/guide\/safari\/sfri11471\/mac\">Safari (stran v angle\u0161kem jeziku)<\/a><\/li><\/ul><p>\u00a0<\/p><p>\u010ce pi\u0161kotke izklju\u010dite, bodo nekatere mo\u017enosti spletne strani onemogo\u010dene.<\/p>\t\t\t\t\t\t\t\t<\/div>\n\t\t\t\t<\/div>\n\t\t\t\t\t<\/div>\n\t\t<\/div>\n\t\t\t\t\t<\/div>\n\t\t<\/section>\n\t\t\t\t<\/div>","protected":false},"excerpt":{"rendered":"<p>Pi\u0161kotki Varovanje zasebnosti 1. Online \u0160portna Klinika spo\u0161tuje va\u0161o zasebnost in se zavezuje, da bo osebne podatke, pridobljene preko spletnega informacijskega sistema, skrbno varovala in jih brez va\u0161e privolitve ne bo posredovala tretji osebi oziroma jih uporabila v druge namene. Ker obstajajo v spletnem informacijskem sistemu dolo\u010dene povezave na druge, zunanje spletne strani, ki niso [&hellip;]<\/p>\n","protected":false},"author":1,"featured_media":0,"parent":0,"menu_order":0,"comment_status":"closed","ping_status":"closed","template":"elementor_header_footer","meta":{"_acf_changed":false,"footnotes":""},"class_list":["post-1675","page","type-page","status-publish","hentry"],"acf":[],"yoast_head":"<!-- This site is optimized with the Yoast SEO plugin v27.3 - https:\/\/yoast.com\/product\/yoast-seo-wordpress\/ -->\n<title>Pi\u0161kotki - Online \u0160portna Klinika<\/title>\n<meta name=\"robots\" content=\"index, follow, max-snippet:-1, max-image-preview:large, max-video-preview:-1\" \/>\n<link rel=\"canonical\" href=\"https:\/\/online.sportnaklinika.si\/en\/piskotki\/\" \/>\n<meta property=\"og:locale\" content=\"en_US\" \/>\n<meta property=\"og:type\" content=\"article\" \/>\n<meta property=\"og:title\" content=\"Pi\u0161kotki - Online \u0160portna Klinika\" \/>\n<meta property=\"og:description\" content=\"Pi\u0161kotki Varovanje zasebnosti 1. Online \u0160portna Klinika spo\u0161tuje va\u0161o zasebnost in se zavezuje, da bo osebne podatke, pridobljene preko spletnega informacijskega sistema, skrbno varovala in jih brez va\u0161e privolitve ne bo posredovala tretji osebi oziroma jih uporabila v druge namene. Ker obstajajo v spletnem informacijskem sistemu dolo\u010dene povezave na druge, zunanje spletne strani, ki niso [&hellip;]\" \/>\n<meta property=\"og:url\" content=\"https:\/\/online.sportnaklinika.si\/en\/piskotki\/\" \/>\n<meta property=\"og:site_name\" content=\"Online \u0160portna Klinika\" \/>\n<meta property=\"article:modified_time\" content=\"2022-07-29T17:01:09+00:00\" \/>\n<meta name=\"twitter:card\" content=\"summary_large_image\" \/>\n<meta name=\"twitter:label1\" content=\"Est. reading time\" \/>\n\t<meta name=\"twitter:data1\" content=\"3 minutes\" \/>\n<script type=\"application\/ld+json\" class=\"yoast-schema-graph\">{\"@context\":\"https:\\\/\\\/schema.org\",\"@graph\":[{\"@type\":\"WebPage\",\"@id\":\"https:\\\/\\\/online.sportnaklinika.si\\\/piskotki\\\/\",\"url\":\"https:\\\/\\\/online.sportnaklinika.si\\\/piskotki\\\/\",\"name\":\"Pi\u0161kotki - Online \u0160portna Klinika\",\"isPartOf\":{\"@id\":\"https:\\\/\\\/online.sportnaklinika.si\\\/#website\"},\"datePublished\":\"2022-07-26T20:09:43+00:00\",\"dateModified\":\"2022-07-29T17:01:09+00:00\",\"breadcrumb\":{\"@id\":\"https:\\\/\\\/online.sportnaklinika.si\\\/piskotki\\\/#breadcrumb\"},\"inLanguage\":\"en-US\",\"potentialAction\":[{\"@type\":\"ReadAction\",\"target\":[\"https:\\\/\\\/online.sportnaklinika.si\\\/piskotki\\\/\"]}]},{\"@type\":\"BreadcrumbList\",\"@id\":\"https:\\\/\\\/online.sportnaklinika.si\\\/piskotki\\\/#breadcrumb\",\"itemListElement\":[{\"@type\":\"ListItem\",\"position\":1,\"name\":\"Home\",\"item\":\"https:\\\/\\\/online.sportnaklinika.si\\\/\"},{\"@type\":\"ListItem\",\"position\":2,\"name\":\"Pi\u0161kotki\"}]},{\"@type\":\"WebSite\",\"@id\":\"https:\\\/\\\/online.sportnaklinika.si\\\/#website\",\"url\":\"https:\\\/\\\/online.sportnaklinika.si\\\/\",\"name\":\"Online \u0160portna Klinika\",\"description\":\"Online vadba za \u017eenske 40-60 let, prilagojena online vadba za \u017eenske.\",\"publisher\":{\"@id\":\"https:\\\/\\\/online.sportnaklinika.si\\\/#organization\"},\"potentialAction\":[{\"@type\":\"SearchAction\",\"target\":{\"@type\":\"EntryPoint\",\"urlTemplate\":\"https:\\\/\\\/online.sportnaklinika.si\\\/?s={search_term_string}\"},\"query-input\":{\"@type\":\"PropertyValueSpecification\",\"valueRequired\":true,\"valueName\":\"search_term_string\"}}],\"inLanguage\":\"en-US\"},{\"@type\":\"Organization\",\"@id\":\"https:\\\/\\\/online.sportnaklinika.si\\\/#organization\",\"name\":\"Online \u0160portna Klinika\",\"url\":\"https:\\\/\\\/online.sportnaklinika.si\\\/\",\"logo\":{\"@type\":\"ImageObject\",\"inLanguage\":\"en-US\",\"@id\":\"https:\\\/\\\/online.sportnaklinika.si\\\/#\\\/schema\\\/logo\\\/image\\\/\",\"url\":\"https:\\\/\\\/online.sportnaklinika.si\\\/wp-content\\\/uploads\\\/2023\\\/11\\\/cropped-P-01.png\",\"contentUrl\":\"https:\\\/\\\/online.sportnaklinika.si\\\/wp-content\\\/uploads\\\/2023\\\/11\\\/cropped-P-01.png\",\"width\":2940,\"height\":492,\"caption\":\"Online \u0160portna Klinika\"},\"image\":{\"@id\":\"https:\\\/\\\/online.sportnaklinika.si\\\/#\\\/schema\\\/logo\\\/image\\\/\"}}]}<\/script>\n<!-- \/ Yoast SEO plugin. -->","yoast_head_json":{"title":"Pi\u0161kotki - Online \u0160portna Klinika","robots":{"index":"index","follow":"follow","max-snippet":"max-snippet:-1","max-image-preview":"max-image-preview:large","max-video-preview":"max-video-preview:-1"},"canonical":"https:\/\/online.sportnaklinika.si\/en\/piskotki\/","og_locale":"en_US","og_type":"article","og_title":"Pi\u0161kotki - Online \u0160portna Klinika","og_description":"Pi\u0161kotki Varovanje zasebnosti 1. Online \u0160portna Klinika spo\u0161tuje va\u0161o zasebnost in se zavezuje, da bo osebne podatke, pridobljene preko spletnega informacijskega sistema, skrbno varovala in jih brez va\u0161e privolitve ne bo posredovala tretji osebi oziroma jih uporabila v druge namene. Ker obstajajo v spletnem informacijskem sistemu dolo\u010dene povezave na druge, zunanje spletne strani, ki niso [&hellip;]","og_url":"https:\/\/online.sportnaklinika.si\/en\/piskotki\/","og_site_name":"Online \u0160portna Klinika","article_modified_time":"2022-07-29T17:01:09+00:00","twitter_card":"summary_large_image","twitter_misc":{"Est. reading time":"3 minutes"},"schema":{"@context":"https:\/\/schema.org","@graph":[{"@type":"WebPage","@id":"https:\/\/online.sportnaklinika.si\/piskotki\/","url":"https:\/\/online.sportnaklinika.si\/piskotki\/","name":"Pi\u0161kotki - Online \u0160portna Klinika","isPartOf":{"@id":"https:\/\/online.sportnaklinika.si\/#website"},"datePublished":"2022-07-26T20:09:43+00:00","dateModified":"2022-07-29T17:01:09+00:00","breadcrumb":{"@id":"https:\/\/online.sportnaklinika.si\/piskotki\/#breadcrumb"},"inLanguage":"en-US","potentialAction":[{"@type":"ReadAction","target":["https:\/\/online.sportnaklinika.si\/piskotki\/"]}]},{"@type":"BreadcrumbList","@id":"https:\/\/online.sportnaklinika.si\/piskotki\/#breadcrumb","itemListElement":[{"@type":"ListItem","position":1,"name":"Home","item":"https:\/\/online.sportnaklinika.si\/"},{"@type":"ListItem","position":2,"name":"Pi\u0161kotki"}]},{"@type":"WebSite","@id":"https:\/\/online.sportnaklinika.si\/#website","url":"https:\/\/online.sportnaklinika.si\/","name":"Online \u0160portna Klinika","description":"Online vadba za \u017eenske 40-60 let, prilagojena online vadba za \u017eenske.","publisher":{"@id":"https:\/\/online.sportnaklinika.si\/#organization"},"potentialAction":[{"@type":"SearchAction","target":{"@type":"EntryPoint","urlTemplate":"https:\/\/online.sportnaklinika.si\/?s={search_term_string}"},"query-input":{"@type":"PropertyValueSpecification","valueRequired":true,"valueName":"search_term_string"}}],"inLanguage":"en-US"},{"@type":"Organization","@id":"https:\/\/online.sportnaklinika.si\/#organization","name":"Online \u0160portna Klinika","url":"https:\/\/online.sportnaklinika.si\/","logo":{"@type":"ImageObject","inLanguage":"en-US","@id":"https:\/\/online.sportnaklinika.si\/#\/schema\/logo\/image\/","url":"https:\/\/online.sportnaklinika.si\/wp-content\/uploads\/2023\/11\/cropped-P-01.png","contentUrl":"https:\/\/online.sportnaklinika.si\/wp-content\/uploads\/2023\/11\/cropped-P-01.png","width":2940,"height":492,"caption":"Online \u0160portna Klinika"},"image":{"@id":"https:\/\/online.sportnaklinika.si\/#\/schema\/logo\/image\/"}}]}},"_links":{"self":[{"href":"https:\/\/online.sportnaklinika.si\/en\/wp-json\/wp\/v2\/pages\/1675","targetHints":{"allow":["GET"]}}],"collection":[{"href":"https:\/\/online.sportnaklinika.si\/en\/wp-json\/wp\/v2\/pages"}],"about":[{"href":"https:\/\/online.sportnaklinika.si\/en\/wp-json\/wp\/v2\/types\/page"}],"author":[{"embeddable":true,"href":"https:\/\/online.sportnaklinika.si\/en\/wp-json\/wp\/v2\/users\/1"}],"replies":[{"embeddable":true,"href":"https:\/\/online.sportnaklinika.si\/en\/wp-json\/wp\/v2\/comments?post=1675"}],"version-history":[{"count":0,"href":"https:\/\/online.sportnaklinika.si\/en\/wp-json\/wp\/v2\/pages\/1675\/revisions"}],"wp:attachment":[{"href":"https:\/\/online.sportnaklinika.si\/en\/wp-json\/wp\/v2\/media?parent=1675"}],"curies":[{"name":"wp","href":"https:\/\/api.w.org\/{rel}","templated":true}]}}