{"id":179,"date":"2022-01-17T14:54:10","date_gmt":"2022-01-17T14:54:10","guid":{"rendered":"http:\/\/online.sportnaklinika.si\/register\/"},"modified":"2022-01-22T10:43:46","modified_gmt":"2022-01-22T10:43:46","slug":"register","status":"publish","type":"page","link":"https:\/\/online.sportnaklinika.si\/en\/register\/","title":{"rendered":"Registracija"},"content":{"rendered":"\t\t<div data-elementor-type=\"wp-page\" data-elementor-id=\"179\" class=\"elementor elementor-179\" data-elementor-post-type=\"page\">\n\t\t\t\t\t\t<section class=\"has_eae_slider elementor-section elementor-top-section elementor-element elementor-element-f1d7f54 elementor-section-full_width elementor-section-stretched elementor-section-height-default elementor-section-height-default\" data-eae-slider=\"46770\" data-id=\"f1d7f54\" data-element_type=\"section\" data-e-type=\"section\" data-settings=\"{&quot;stretch_section&quot;:&quot;section-stretched&quot;}\">\n\t\t\t\t\t\t<div class=\"elementor-container elementor-column-gap-default\">\n\t\t\t\t\t<div class=\"has_eae_slider elementor-column elementor-col-100 elementor-top-column elementor-element elementor-element-d8e3476\" data-eae-slider=\"4719\" data-id=\"d8e3476\" data-element_type=\"column\" data-e-type=\"column\" data-settings=\"{&quot;background_background&quot;:&quot;classic&quot;}\">\n\t\t\t<div class=\"elementor-widget-wrap elementor-element-populated\">\n\t\t\t\t\t\t<div class=\"elementor-element elementor-element-a410511 elementor-widget elementor-widget-heading\" data-id=\"a410511\" data-element_type=\"widget\" data-e-type=\"widget\" data-widget_type=\"heading.default\">\n\t\t\t\t<div class=\"elementor-widget-container\">\n\t\t\t\t\t<h2 class=\"elementor-heading-title elementor-size-default\">REGISTRACIJA<\/h2>\t\t\t\t<\/div>\n\t\t\t\t<\/div>\n\t\t\t\t\t<\/div>\n\t\t<\/div>\n\t\t\t\t\t<\/div>\n\t\t<\/section>\n\t\t\t\t<section class=\"has_eae_slider elementor-section elementor-top-section elementor-element elementor-element-4f7c3f1 elementor-section-boxed elementor-section-height-default elementor-section-height-default\" data-eae-slider=\"29343\" data-id=\"4f7c3f1\" data-element_type=\"section\" data-e-type=\"section\">\n\t\t\t\t\t\t<div class=\"elementor-container elementor-column-gap-default\">\n\t\t\t\t\t<div class=\"has_eae_slider elementor-column elementor-col-25 elementor-top-column elementor-element elementor-element-824019f\" data-eae-slider=\"79289\" data-id=\"824019f\" data-element_type=\"column\" data-e-type=\"column\">\n\t\t\t<div class=\"elementor-widget-wrap\">\n\t\t\t\t\t\t\t<\/div>\n\t\t<\/div>\n\t\t\t\t<div class=\"has_eae_slider elementor-column elementor-col-50 elementor-top-column elementor-element elementor-element-6a8e342\" data-eae-slider=\"96525\" data-id=\"6a8e342\" data-element_type=\"column\" data-e-type=\"column\">\n\t\t\t<div class=\"elementor-widget-wrap elementor-element-populated\">\n\t\t\t\t\t\t<div class=\"elementor-element elementor-element-0a1c2d8 elementor-widget elementor-widget-spacer\" data-id=\"0a1c2d8\" data-element_type=\"widget\" data-e-type=\"widget\" data-widget_type=\"spacer.default\">\n\t\t\t\t<div class=\"elementor-widget-container\">\n\t\t\t\t\t\t\t<div class=\"elementor-spacer\">\n\t\t\t<div class=\"elementor-spacer-inner\"><\/div>\n\t\t<\/div>\n\t\t\t\t\t\t<\/div>\n\t\t\t\t<\/div>\n\t\t\t\t<div class=\"elementor-element elementor-element-43f9caa elementor-widget elementor-widget-text-editor\" data-id=\"43f9caa\" data-element_type=\"widget\" data-e-type=\"widget\" data-widget_type=\"text-editor.default\">\n\t\t\t\t<div class=\"elementor-widget-container\">\n\t\t\t\t\t\t\t\t\t<p>Spodaj izberite \u017eeljeno naro\u010dnino, v kolikor izberete 3-mese\u010dno pla\u010dilo, pridobite 20% popusta.<\/p><p>Vsa polja z * morajo biti izpolnjena.<\/p>\t\t\t\t\t\t\t\t<\/div>\n\t\t\t\t<\/div>\n\t\t\t\t<div class=\"elementor-element elementor-element-29bf788a elementor-widget elementor-widget-shortcode\" data-id=\"29bf788a\" data-element_type=\"widget\" data-e-type=\"widget\" data-widget_type=\"shortcode.default\">\n\t\t\t\t<div class=\"elementor-widget-container\">\n\t\t\t\t\t\t\t<div class=\"elementor-shortcode\">[pms-register]<\/div>\n\t\t\t\t\t\t<\/div>\n\t\t\t\t<\/div>\n\t\t\t\t\t<\/div>\n\t\t<\/div>\n\t\t\t\t<div class=\"has_eae_slider elementor-column elementor-col-25 elementor-top-column elementor-element elementor-element-4984add\" data-eae-slider=\"97883\" data-id=\"4984add\" data-element_type=\"column\" data-e-type=\"column\">\n\t\t\t<div class=\"elementor-widget-wrap\">\n\t\t\t\t\t\t\t<\/div>\n\t\t<\/div>\n\t\t\t\t\t<\/div>\n\t\t<\/section>\n\t\t\t\t<\/div>\n\t\t","protected":false},"excerpt":{"rendered":"<p>REGISTRACIJA Spodaj izberite \u017eeljeno naro\u010dnino, v kolikor izberete 3-mese\u010dno pla\u010dilo, pridobite 20% popusta. Vsa polja z * morajo biti izpolnjena. [pms-register] Potrebujete pomo\u010d? Klikni name.<\/p>\n","protected":false},"author":1,"featured_media":0,"parent":0,"menu_order":0,"comment_status":"closed","ping_status":"closed","template":"elementor_canvas","meta":{"_acf_changed":false,"footnotes":""},"class_list":["post-179","page","type-page","status-publish","hentry"],"acf":[],"yoast_head":"<!-- This site is optimized with the Yoast SEO plugin v27.3 - https:\/\/yoast.com\/product\/yoast-seo-wordpress\/ -->\n<title>Registracija - Online \u0160portna Klinika<\/title>\n<meta name=\"robots\" content=\"index, follow, max-snippet:-1, max-image-preview:large, max-video-preview:-1\" \/>\n<link rel=\"canonical\" href=\"https:\/\/online.sportnaklinika.si\/en\/register\/\" \/>\n<meta property=\"og:locale\" content=\"en_US\" \/>\n<meta property=\"og:type\" content=\"article\" \/>\n<meta property=\"og:title\" content=\"Registracija - Online \u0160portna Klinika\" \/>\n<meta property=\"og:description\" content=\"REGISTRACIJA Spodaj izberite \u017eeljeno naro\u010dnino, v kolikor izberete 3-mese\u010dno pla\u010dilo, pridobite 20% popusta. Vsa polja z * morajo biti izpolnjena. [pms-register] Potrebujete pomo\u010d? Klikni name.\" \/>\n<meta property=\"og:url\" content=\"https:\/\/online.sportnaklinika.si\/en\/register\/\" \/>\n<meta property=\"og:site_name\" content=\"Online \u0160portna Klinika\" \/>\n<meta property=\"article:modified_time\" content=\"2022-01-22T10:43:46+00:00\" \/>\n<meta name=\"twitter:card\" content=\"summary_large_image\" \/>\n<script type=\"application\/ld+json\" class=\"yoast-schema-graph\">{\"@context\":\"https:\\\/\\\/schema.org\",\"@graph\":[{\"@type\":\"WebPage\",\"@id\":\"https:\\\/\\\/online.sportnaklinika.si\\\/register\\\/\",\"url\":\"https:\\\/\\\/online.sportnaklinika.si\\\/register\\\/\",\"name\":\"Registracija - Online \u0160portna Klinika\",\"isPartOf\":{\"@id\":\"https:\\\/\\\/online.sportnaklinika.si\\\/#website\"},\"datePublished\":\"2022-01-17T14:54:10+00:00\",\"dateModified\":\"2022-01-22T10:43:46+00:00\",\"breadcrumb\":{\"@id\":\"https:\\\/\\\/online.sportnaklinika.si\\\/register\\\/#breadcrumb\"},\"inLanguage\":\"en-US\",\"potentialAction\":[{\"@type\":\"ReadAction\",\"target\":[\"https:\\\/\\\/online.sportnaklinika.si\\\/register\\\/\"]}]},{\"@type\":\"BreadcrumbList\",\"@id\":\"https:\\\/\\\/online.sportnaklinika.si\\\/register\\\/#breadcrumb\",\"itemListElement\":[{\"@type\":\"ListItem\",\"position\":1,\"name\":\"Home\",\"item\":\"https:\\\/\\\/online.sportnaklinika.si\\\/\"},{\"@type\":\"ListItem\",\"position\":2,\"name\":\"Registracija\"}]},{\"@type\":\"WebSite\",\"@id\":\"https:\\\/\\\/online.sportnaklinika.si\\\/#website\",\"url\":\"https:\\\/\\\/online.sportnaklinika.si\\\/\",\"name\":\"Online \u0160portna Klinika\",\"description\":\"Online vadba za \u017eenske 40-60 let, prilagojena online vadba za \u017eenske.\",\"publisher\":{\"@id\":\"https:\\\/\\\/online.sportnaklinika.si\\\/#organization\"},\"potentialAction\":[{\"@type\":\"SearchAction\",\"target\":{\"@type\":\"EntryPoint\",\"urlTemplate\":\"https:\\\/\\\/online.sportnaklinika.si\\\/?s={search_term_string}\"},\"query-input\":{\"@type\":\"PropertyValueSpecification\",\"valueRequired\":true,\"valueName\":\"search_term_string\"}}],\"inLanguage\":\"en-US\"},{\"@type\":\"Organization\",\"@id\":\"https:\\\/\\\/online.sportnaklinika.si\\\/#organization\",\"name\":\"Online \u0160portna Klinika\",\"url\":\"https:\\\/\\\/online.sportnaklinika.si\\\/\",\"logo\":{\"@type\":\"ImageObject\",\"inLanguage\":\"en-US\",\"@id\":\"https:\\\/\\\/online.sportnaklinika.si\\\/#\\\/schema\\\/logo\\\/image\\\/\",\"url\":\"https:\\\/\\\/online.sportnaklinika.si\\\/wp-content\\\/uploads\\\/2023\\\/11\\\/cropped-P-01.png\",\"contentUrl\":\"https:\\\/\\\/online.sportnaklinika.si\\\/wp-content\\\/uploads\\\/2023\\\/11\\\/cropped-P-01.png\",\"width\":2940,\"height\":492,\"caption\":\"Online \u0160portna Klinika\"},\"image\":{\"@id\":\"https:\\\/\\\/online.sportnaklinika.si\\\/#\\\/schema\\\/logo\\\/image\\\/\"}}]}<\/script>\n<!-- \/ Yoast SEO plugin. -->","yoast_head_json":{"title":"Registracija - Online \u0160portna Klinika","robots":{"index":"index","follow":"follow","max-snippet":"max-snippet:-1","max-image-preview":"max-image-preview:large","max-video-preview":"max-video-preview:-1"},"canonical":"https:\/\/online.sportnaklinika.si\/en\/register\/","og_locale":"en_US","og_type":"article","og_title":"Registracija - Online \u0160portna Klinika","og_description":"REGISTRACIJA Spodaj izberite \u017eeljeno naro\u010dnino, v kolikor izberete 3-mese\u010dno pla\u010dilo, pridobite 20% popusta. Vsa polja z * morajo biti izpolnjena. [pms-register] Potrebujete pomo\u010d? Klikni name.","og_url":"https:\/\/online.sportnaklinika.si\/en\/register\/","og_site_name":"Online \u0160portna Klinika","article_modified_time":"2022-01-22T10:43:46+00:00","twitter_card":"summary_large_image","schema":{"@context":"https:\/\/schema.org","@graph":[{"@type":"WebPage","@id":"https:\/\/online.sportnaklinika.si\/register\/","url":"https:\/\/online.sportnaklinika.si\/register\/","name":"Registracija - Online \u0160portna Klinika","isPartOf":{"@id":"https:\/\/online.sportnaklinika.si\/#website"},"datePublished":"2022-01-17T14:54:10+00:00","dateModified":"2022-01-22T10:43:46+00:00","breadcrumb":{"@id":"https:\/\/online.sportnaklinika.si\/register\/#breadcrumb"},"inLanguage":"en-US","potentialAction":[{"@type":"ReadAction","target":["https:\/\/online.sportnaklinika.si\/register\/"]}]},{"@type":"BreadcrumbList","@id":"https:\/\/online.sportnaklinika.si\/register\/#breadcrumb","itemListElement":[{"@type":"ListItem","position":1,"name":"Home","item":"https:\/\/online.sportnaklinika.si\/"},{"@type":"ListItem","position":2,"name":"Registracija"}]},{"@type":"WebSite","@id":"https:\/\/online.sportnaklinika.si\/#website","url":"https:\/\/online.sportnaklinika.si\/","name":"Online \u0160portna Klinika","description":"Online vadba za \u017eenske 40-60 let, prilagojena online vadba za \u017eenske.","publisher":{"@id":"https:\/\/online.sportnaklinika.si\/#organization"},"potentialAction":[{"@type":"SearchAction","target":{"@type":"EntryPoint","urlTemplate":"https:\/\/online.sportnaklinika.si\/?s={search_term_string}"},"query-input":{"@type":"PropertyValueSpecification","valueRequired":true,"valueName":"search_term_string"}}],"inLanguage":"en-US"},{"@type":"Organization","@id":"https:\/\/online.sportnaklinika.si\/#organization","name":"Online \u0160portna Klinika","url":"https:\/\/online.sportnaklinika.si\/","logo":{"@type":"ImageObject","inLanguage":"en-US","@id":"https:\/\/online.sportnaklinika.si\/#\/schema\/logo\/image\/","url":"https:\/\/online.sportnaklinika.si\/wp-content\/uploads\/2023\/11\/cropped-P-01.png","contentUrl":"https:\/\/online.sportnaklinika.si\/wp-content\/uploads\/2023\/11\/cropped-P-01.png","width":2940,"height":492,"caption":"Online \u0160portna Klinika"},"image":{"@id":"https:\/\/online.sportnaklinika.si\/#\/schema\/logo\/image\/"}}]}},"_links":{"self":[{"href":"https:\/\/online.sportnaklinika.si\/en\/wp-json\/wp\/v2\/pages\/179","targetHints":{"allow":["GET"]}}],"collection":[{"href":"https:\/\/online.sportnaklinika.si\/en\/wp-json\/wp\/v2\/pages"}],"about":[{"href":"https:\/\/online.sportnaklinika.si\/en\/wp-json\/wp\/v2\/types\/page"}],"author":[{"embeddable":true,"href":"https:\/\/online.sportnaklinika.si\/en\/wp-json\/wp\/v2\/users\/1"}],"replies":[{"embeddable":true,"href":"https:\/\/online.sportnaklinika.si\/en\/wp-json\/wp\/v2\/comments?post=179"}],"version-history":[{"count":0,"href":"https:\/\/online.sportnaklinika.si\/en\/wp-json\/wp\/v2\/pages\/179\/revisions"}],"wp:attachment":[{"href":"https:\/\/online.sportnaklinika.si\/en\/wp-json\/wp\/v2\/media?parent=179"}],"curies":[{"name":"wp","href":"https:\/\/api.w.org\/{rel}","templated":true}]}}