{"id":2008,"date":"2022-09-03T21:25:06","date_gmt":"2022-09-03T21:25:06","guid":{"rendered":"https:\/\/online.sportnaklinika.si\/?page_id=2008"},"modified":"2025-04-03T19:39:47","modified_gmt":"2025-04-03T19:39:47","slug":"izgubljeno-geslo","status":"publish","type":"page","link":"https:\/\/online.sportnaklinika.si\/en\/izgubljeno-geslo\/","title":{"rendered":"Lost Password"},"content":{"rendered":"<div data-elementor-type=\"wp-page\" data-elementor-id=\"2008\" class=\"elementor elementor-2008\" data-elementor-post-type=\"page\">\n\t\t\t\t\t\t<section class=\"has_eae_slider elementor-section elementor-top-section elementor-element elementor-element-b81a88d elementor-section-boxed elementor-section-height-default elementor-section-height-default\" data-eae-slider=\"55909\" data-id=\"b81a88d\" data-element_type=\"section\" data-e-type=\"section\">\n\t\t\t\t\t\t<div class=\"elementor-container elementor-column-gap-default\">\n\t\t\t\t\t<div class=\"has_eae_slider elementor-column elementor-col-100 elementor-top-column elementor-element elementor-element-0c42254\" data-eae-slider=\"94505\" data-id=\"0c42254\" data-element_type=\"column\" data-e-type=\"column\">\n\t\t\t<div class=\"elementor-widget-wrap elementor-element-populated\">\n\t\t\t\t\t\t<div class=\"elementor-element elementor-element-071ce76 elementor-widget elementor-widget-heading\" data-id=\"071ce76\" data-element_type=\"widget\" data-e-type=\"widget\" data-widget_type=\"heading.default\">\n\t\t\t\t<div class=\"elementor-widget-container\">\n\t\t\t\t\t<h2 class=\"elementor-heading-title elementor-size-default\">Izgubljeno geslo\n<\/h2>\t\t\t\t<\/div>\n\t\t\t\t<\/div>\n\t\t\t\t<section class=\"has_eae_slider elementor-section elementor-inner-section elementor-element elementor-element-6ce1aec elementor-section-boxed elementor-section-height-default elementor-section-height-default\" data-eae-slider=\"34979\" data-id=\"6ce1aec\" data-element_type=\"section\" data-e-type=\"section\" data-settings=\"{&quot;background_background&quot;:&quot;classic&quot;}\">\n\t\t\t\t\t\t<div class=\"elementor-container elementor-column-gap-default\">\n\t\t\t\t\t<div class=\"has_eae_slider elementor-column elementor-col-100 elementor-inner-column elementor-element elementor-element-e40ba31\" data-eae-slider=\"99947\" data-id=\"e40ba31\" data-element_type=\"column\" data-e-type=\"column\">\n\t\t\t<div class=\"elementor-widget-wrap elementor-element-populated\">\n\t\t\t\t\t\t<div class=\"elementor-element elementor-element-e85aecc elementor-widget elementor-widget-shortcode\" data-id=\"e85aecc\" data-element_type=\"widget\" data-e-type=\"widget\" data-widget_type=\"shortcode.default\">\n\t\t\t\t<div class=\"elementor-widget-container\">\n\t\t\t\t\t\t\t<div class=\"elementor-shortcode\"> <div class=\"tml tml-login\">\n<div class=\"tml-alerts\"><\/div><form name=\"login\" action=\"https:\/\/online.sportnaklinika.si\/en\/prijava\/\" method=\"post\">\n<div class=\"tml-field-wrap tml-log-wrap\">\n<label class=\"tml-label\" for=\"user_login\">Username or Email Address<\/label>\n<input name=\"log\" type=\"text\" value=\"\" id=\"user_login\" autocapitalize=\"off\" class=\"tml-field\">\n<\/div>\n\n<div class=\"tml-field-wrap tml-pwd-wrap\">\n<label class=\"tml-label\" for=\"user_pass\">Password<\/label>\n<input name=\"pwd\" type=\"password\" value=\"\" id=\"user_pass\" class=\"tml-field\">\n<\/div>\n\n\n<div class=\"tml-field-wrap tml-rememberme-wrap\">\n<input name=\"rememberme\" type=\"checkbox\" value=\"forever\" id=\"rememberme\" class=\"tml-checkbox\">\n<label class=\"tml-label\" for=\"rememberme\">Remember Me<\/label>\n<\/div>\n\n<div class=\"tml-field-wrap tml-submit-wrap\">\n<button name=\"submit\" type=\"submit\" class=\"tml-button\">Log In<\/button>\n<\/div>\n\n<input name=\"redirect_to\" type=\"hidden\" value=\"https:\/\/online.sportnaklinika.si\/wp-admin\/\">\n\n<\/form>\n<ul class=\"tml-links\"><li class=\"tml-register-link\"><a href=\"https:\/\/online.sportnaklinika.si\/en\/register\/\">Register<\/a><\/li><li class=\"tml-lostpassword-link\"><a href=\"https:\/\/online.sportnaklinika.si\/en\/izgubljeno-geslo\/\">Lost your password?<\/a><\/li><\/ul><\/div>\n<\/div>\n\t\t\t\t\t\t<\/div>\n\t\t\t\t<\/div>\n\t\t\t\t\t<\/div>\n\t\t<\/div>\n\t\t\t\t\t<\/div>\n\t\t<\/section>\n\t\t\t\t\t<\/div>\n\t\t<\/div>\n\t\t\t\t\t<\/div>\n\t\t<\/section>\n\t\t\t\t<\/div>","protected":false},"excerpt":{"rendered":"<p>Izgubljeno geslo<\/p>","protected":false},"author":1,"featured_media":0,"parent":0,"menu_order":0,"comment_status":"closed","ping_status":"closed","template":"elementor_header_footer","meta":{"_acf_changed":false,"footnotes":""},"class_list":["post-2008","page","type-page","status-publish","hentry"],"acf":[],"yoast_head":"<!-- This site is optimized with the Yoast SEO plugin v27.3 - https:\/\/yoast.com\/product\/yoast-seo-wordpress\/ -->\n<title>Lost Password - Online \u0160portna Klinika<\/title>\n<meta name=\"robots\" content=\"index, follow, max-snippet:-1, max-image-preview:large, max-video-preview:-1\" \/>\n<link rel=\"canonical\" href=\"https:\/\/online.sportnaklinika.si\/en\/izgubljeno-geslo\/\" \/>\n<meta property=\"og:locale\" content=\"en_US\" \/>\n<meta property=\"og:type\" content=\"article\" \/>\n<meta property=\"og:title\" content=\"Lost Password - Online \u0160portna Klinika\" \/>\n<meta property=\"og:description\" content=\"Izgubljeno geslo\" \/>\n<meta property=\"og:url\" content=\"https:\/\/online.sportnaklinika.si\/en\/izgubljeno-geslo\/\" \/>\n<meta property=\"og:site_name\" content=\"Online \u0160portna Klinika\" \/>\n<meta property=\"article:modified_time\" content=\"2025-04-03T19:39:47+00:00\" \/>\n<meta name=\"twitter:card\" content=\"summary_large_image\" \/>\n<meta name=\"twitter:label1\" content=\"Est. reading time\" \/>\n\t<meta name=\"twitter:data1\" content=\"1 minute\" \/>\n<script type=\"application\/ld+json\" class=\"yoast-schema-graph\">{\"@context\":\"https:\\\/\\\/schema.org\",\"@graph\":[{\"@type\":\"WebPage\",\"@id\":\"https:\\\/\\\/online.sportnaklinika.si\\\/izgubljeno-geslo\\\/\",\"url\":\"https:\\\/\\\/online.sportnaklinika.si\\\/izgubljeno-geslo\\\/\",\"name\":\"Lost Password - Online \u0160portna Klinika\",\"isPartOf\":{\"@id\":\"https:\\\/\\\/online.sportnaklinika.si\\\/#website\"},\"datePublished\":\"2022-09-03T21:25:06+00:00\",\"dateModified\":\"2025-04-03T19:39:47+00:00\",\"breadcrumb\":{\"@id\":\"https:\\\/\\\/online.sportnaklinika.si\\\/izgubljeno-geslo\\\/#breadcrumb\"},\"inLanguage\":\"en-US\",\"potentialAction\":[{\"@type\":\"ReadAction\",\"target\":[\"https:\\\/\\\/online.sportnaklinika.si\\\/izgubljeno-geslo\\\/\"]}]},{\"@type\":\"BreadcrumbList\",\"@id\":\"https:\\\/\\\/online.sportnaklinika.si\\\/izgubljeno-geslo\\\/#breadcrumb\",\"itemListElement\":[{\"@type\":\"ListItem\",\"position\":1,\"name\":\"Home\",\"item\":\"https:\\\/\\\/online.sportnaklinika.si\\\/\"},{\"@type\":\"ListItem\",\"position\":2,\"name\":\"Lost Password\"}]},{\"@type\":\"WebSite\",\"@id\":\"https:\\\/\\\/online.sportnaklinika.si\\\/#website\",\"url\":\"https:\\\/\\\/online.sportnaklinika.si\\\/\",\"name\":\"Online \u0160portna Klinika\",\"description\":\"Online vadba za \u017eenske 40-60 let, prilagojena online vadba za \u017eenske.\",\"publisher\":{\"@id\":\"https:\\\/\\\/online.sportnaklinika.si\\\/#organization\"},\"potentialAction\":[{\"@type\":\"SearchAction\",\"target\":{\"@type\":\"EntryPoint\",\"urlTemplate\":\"https:\\\/\\\/online.sportnaklinika.si\\\/?s={search_term_string}\"},\"query-input\":{\"@type\":\"PropertyValueSpecification\",\"valueRequired\":true,\"valueName\":\"search_term_string\"}}],\"inLanguage\":\"en-US\"},{\"@type\":\"Organization\",\"@id\":\"https:\\\/\\\/online.sportnaklinika.si\\\/#organization\",\"name\":\"Online \u0160portna Klinika\",\"url\":\"https:\\\/\\\/online.sportnaklinika.si\\\/\",\"logo\":{\"@type\":\"ImageObject\",\"inLanguage\":\"en-US\",\"@id\":\"https:\\\/\\\/online.sportnaklinika.si\\\/#\\\/schema\\\/logo\\\/image\\\/\",\"url\":\"https:\\\/\\\/online.sportnaklinika.si\\\/wp-content\\\/uploads\\\/2023\\\/11\\\/cropped-P-01.png\",\"contentUrl\":\"https:\\\/\\\/online.sportnaklinika.si\\\/wp-content\\\/uploads\\\/2023\\\/11\\\/cropped-P-01.png\",\"width\":2940,\"height\":492,\"caption\":\"Online \u0160portna Klinika\"},\"image\":{\"@id\":\"https:\\\/\\\/online.sportnaklinika.si\\\/#\\\/schema\\\/logo\\\/image\\\/\"}}]}<\/script>\n<!-- \/ Yoast SEO plugin. -->","yoast_head_json":{"title":"Lost Password - Online \u0160portna Klinika","robots":{"index":"index","follow":"follow","max-snippet":"max-snippet:-1","max-image-preview":"max-image-preview:large","max-video-preview":"max-video-preview:-1"},"canonical":"https:\/\/online.sportnaklinika.si\/en\/izgubljeno-geslo\/","og_locale":"en_US","og_type":"article","og_title":"Lost Password - Online \u0160portna Klinika","og_description":"Izgubljeno geslo","og_url":"https:\/\/online.sportnaklinika.si\/en\/izgubljeno-geslo\/","og_site_name":"Online \u0160portna Klinika","article_modified_time":"2025-04-03T19:39:47+00:00","twitter_card":"summary_large_image","twitter_misc":{"Est. reading time":"1 minute"},"schema":{"@context":"https:\/\/schema.org","@graph":[{"@type":"WebPage","@id":"https:\/\/online.sportnaklinika.si\/izgubljeno-geslo\/","url":"https:\/\/online.sportnaklinika.si\/izgubljeno-geslo\/","name":"Lost Password - Online \u0160portna Klinika","isPartOf":{"@id":"https:\/\/online.sportnaklinika.si\/#website"},"datePublished":"2022-09-03T21:25:06+00:00","dateModified":"2025-04-03T19:39:47+00:00","breadcrumb":{"@id":"https:\/\/online.sportnaklinika.si\/izgubljeno-geslo\/#breadcrumb"},"inLanguage":"en-US","potentialAction":[{"@type":"ReadAction","target":["https:\/\/online.sportnaklinika.si\/izgubljeno-geslo\/"]}]},{"@type":"BreadcrumbList","@id":"https:\/\/online.sportnaklinika.si\/izgubljeno-geslo\/#breadcrumb","itemListElement":[{"@type":"ListItem","position":1,"name":"Home","item":"https:\/\/online.sportnaklinika.si\/"},{"@type":"ListItem","position":2,"name":"Lost Password"}]},{"@type":"WebSite","@id":"https:\/\/online.sportnaklinika.si\/#website","url":"https:\/\/online.sportnaklinika.si\/","name":"Online \u0160portna Klinika","description":"Online vadba za \u017eenske 40-60 let, prilagojena online vadba za \u017eenske.","publisher":{"@id":"https:\/\/online.sportnaklinika.si\/#organization"},"potentialAction":[{"@type":"SearchAction","target":{"@type":"EntryPoint","urlTemplate":"https:\/\/online.sportnaklinika.si\/?s={search_term_string}"},"query-input":{"@type":"PropertyValueSpecification","valueRequired":true,"valueName":"search_term_string"}}],"inLanguage":"en-US"},{"@type":"Organization","@id":"https:\/\/online.sportnaklinika.si\/#organization","name":"Online \u0160portna Klinika","url":"https:\/\/online.sportnaklinika.si\/","logo":{"@type":"ImageObject","inLanguage":"en-US","@id":"https:\/\/online.sportnaklinika.si\/#\/schema\/logo\/image\/","url":"https:\/\/online.sportnaklinika.si\/wp-content\/uploads\/2023\/11\/cropped-P-01.png","contentUrl":"https:\/\/online.sportnaklinika.si\/wp-content\/uploads\/2023\/11\/cropped-P-01.png","width":2940,"height":492,"caption":"Online \u0160portna Klinika"},"image":{"@id":"https:\/\/online.sportnaklinika.si\/#\/schema\/logo\/image\/"}}]}},"_links":{"self":[{"href":"https:\/\/online.sportnaklinika.si\/en\/wp-json\/wp\/v2\/pages\/2008","targetHints":{"allow":["GET"]}}],"collection":[{"href":"https:\/\/online.sportnaklinika.si\/en\/wp-json\/wp\/v2\/pages"}],"about":[{"href":"https:\/\/online.sportnaklinika.si\/en\/wp-json\/wp\/v2\/types\/page"}],"author":[{"embeddable":true,"href":"https:\/\/online.sportnaklinika.si\/en\/wp-json\/wp\/v2\/users\/1"}],"replies":[{"embeddable":true,"href":"https:\/\/online.sportnaklinika.si\/en\/wp-json\/wp\/v2\/comments?post=2008"}],"version-history":[{"count":0,"href":"https:\/\/online.sportnaklinika.si\/en\/wp-json\/wp\/v2\/pages\/2008\/revisions"}],"wp:attachment":[{"href":"https:\/\/online.sportnaklinika.si\/en\/wp-json\/wp\/v2\/media?parent=2008"}],"curies":[{"name":"wp","href":"https:\/\/api.w.org\/{rel}","templated":true}]}}