{"id":333,"date":"2022-01-22T08:52:55","date_gmt":"2022-01-22T08:52:55","guid":{"rendered":"http:\/\/online.sportnaklinika.si\/stripe-checkout-result\/"},"modified":"2022-01-22T08:52:55","modified_gmt":"2022-01-22T08:52:55","slug":"stripe-checkout-result","status":"publish","type":"page","link":"https:\/\/online.sportnaklinika.si\/en\/stripe-checkout-result\/","title":{"rendered":"Checkout-Result"},"content":{"rendered":"<p>[accept_stripe_payment_checkout]<\/p>\n","protected":false},"excerpt":{"rendered":"<p>[accept_stripe_payment_checkout]<\/p>\n","protected":false},"author":1,"featured_media":0,"parent":0,"menu_order":0,"comment_status":"closed","ping_status":"closed","template":"","meta":{"_acf_changed":false,"footnotes":""},"class_list":["post-333","page","type-page","status-publish","hentry"],"acf":[],"yoast_head":"<!-- This site is optimized with the Yoast SEO plugin v27.3 - https:\/\/yoast.com\/product\/yoast-seo-wordpress\/ -->\n<title>Checkout-Result - Online \u0160portna Klinika<\/title>\n<meta name=\"robots\" content=\"index, follow, max-snippet:-1, max-image-preview:large, max-video-preview:-1\" \/>\n<link rel=\"canonical\" href=\"https:\/\/online.sportnaklinika.si\/en\/stripe-checkout-result\/\" \/>\n<meta property=\"og:locale\" content=\"en_US\" \/>\n<meta property=\"og:type\" content=\"article\" \/>\n<meta property=\"og:title\" content=\"Checkout-Result - Online \u0160portna Klinika\" \/>\n<meta property=\"og:description\" content=\"[accept_stripe_payment_checkout]\" \/>\n<meta property=\"og:url\" content=\"https:\/\/online.sportnaklinika.si\/en\/stripe-checkout-result\/\" \/>\n<meta property=\"og:site_name\" content=\"Online \u0160portna Klinika\" \/>\n<meta name=\"twitter:card\" content=\"summary_large_image\" \/>\n<script type=\"application\/ld+json\" class=\"yoast-schema-graph\">{\"@context\":\"https:\\\/\\\/schema.org\",\"@graph\":[{\"@type\":\"WebPage\",\"@id\":\"https:\\\/\\\/online.sportnaklinika.si\\\/stripe-checkout-result\\\/\",\"url\":\"https:\\\/\\\/online.sportnaklinika.si\\\/stripe-checkout-result\\\/\",\"name\":\"Checkout-Result - Online \u0160portna Klinika\",\"isPartOf\":{\"@id\":\"https:\\\/\\\/online.sportnaklinika.si\\\/#website\"},\"datePublished\":\"2022-01-22T08:52:55+00:00\",\"breadcrumb\":{\"@id\":\"https:\\\/\\\/online.sportnaklinika.si\\\/stripe-checkout-result\\\/#breadcrumb\"},\"inLanguage\":\"en-US\",\"potentialAction\":[{\"@type\":\"ReadAction\",\"target\":[\"https:\\\/\\\/online.sportnaklinika.si\\\/stripe-checkout-result\\\/\"]}]},{\"@type\":\"BreadcrumbList\",\"@id\":\"https:\\\/\\\/online.sportnaklinika.si\\\/stripe-checkout-result\\\/#breadcrumb\",\"itemListElement\":[{\"@type\":\"ListItem\",\"position\":1,\"name\":\"Home\",\"item\":\"https:\\\/\\\/online.sportnaklinika.si\\\/\"},{\"@type\":\"ListItem\",\"position\":2,\"name\":\"Checkout-Result\"}]},{\"@type\":\"WebSite\",\"@id\":\"https:\\\/\\\/online.sportnaklinika.si\\\/#website\",\"url\":\"https:\\\/\\\/online.sportnaklinika.si\\\/\",\"name\":\"Online \u0160portna Klinika\",\"description\":\"Online vadba za \u017eenske 40-60 let, prilagojena online vadba za \u017eenske.\",\"publisher\":{\"@id\":\"https:\\\/\\\/online.sportnaklinika.si\\\/#organization\"},\"potentialAction\":[{\"@type\":\"SearchAction\",\"target\":{\"@type\":\"EntryPoint\",\"urlTemplate\":\"https:\\\/\\\/online.sportnaklinika.si\\\/?s={search_term_string}\"},\"query-input\":{\"@type\":\"PropertyValueSpecification\",\"valueRequired\":true,\"valueName\":\"search_term_string\"}}],\"inLanguage\":\"en-US\"},{\"@type\":\"Organization\",\"@id\":\"https:\\\/\\\/online.sportnaklinika.si\\\/#organization\",\"name\":\"Online \u0160portna Klinika\",\"url\":\"https:\\\/\\\/online.sportnaklinika.si\\\/\",\"logo\":{\"@type\":\"ImageObject\",\"inLanguage\":\"en-US\",\"@id\":\"https:\\\/\\\/online.sportnaklinika.si\\\/#\\\/schema\\\/logo\\\/image\\\/\",\"url\":\"https:\\\/\\\/online.sportnaklinika.si\\\/wp-content\\\/uploads\\\/2023\\\/11\\\/cropped-P-01.png\",\"contentUrl\":\"https:\\\/\\\/online.sportnaklinika.si\\\/wp-content\\\/uploads\\\/2023\\\/11\\\/cropped-P-01.png\",\"width\":2940,\"height\":492,\"caption\":\"Online \u0160portna Klinika\"},\"image\":{\"@id\":\"https:\\\/\\\/online.sportnaklinika.si\\\/#\\\/schema\\\/logo\\\/image\\\/\"}}]}<\/script>\n<!-- \/ Yoast SEO plugin. -->","yoast_head_json":{"title":"Checkout-Result - Online \u0160portna Klinika","robots":{"index":"index","follow":"follow","max-snippet":"max-snippet:-1","max-image-preview":"max-image-preview:large","max-video-preview":"max-video-preview:-1"},"canonical":"https:\/\/online.sportnaklinika.si\/en\/stripe-checkout-result\/","og_locale":"en_US","og_type":"article","og_title":"Checkout-Result - Online \u0160portna Klinika","og_description":"[accept_stripe_payment_checkout]","og_url":"https:\/\/online.sportnaklinika.si\/en\/stripe-checkout-result\/","og_site_name":"Online \u0160portna Klinika","twitter_card":"summary_large_image","schema":{"@context":"https:\/\/schema.org","@graph":[{"@type":"WebPage","@id":"https:\/\/online.sportnaklinika.si\/stripe-checkout-result\/","url":"https:\/\/online.sportnaklinika.si\/stripe-checkout-result\/","name":"Checkout-Result - Online \u0160portna Klinika","isPartOf":{"@id":"https:\/\/online.sportnaklinika.si\/#website"},"datePublished":"2022-01-22T08:52:55+00:00","breadcrumb":{"@id":"https:\/\/online.sportnaklinika.si\/stripe-checkout-result\/#breadcrumb"},"inLanguage":"en-US","potentialAction":[{"@type":"ReadAction","target":["https:\/\/online.sportnaklinika.si\/stripe-checkout-result\/"]}]},{"@type":"BreadcrumbList","@id":"https:\/\/online.sportnaklinika.si\/stripe-checkout-result\/#breadcrumb","itemListElement":[{"@type":"ListItem","position":1,"name":"Home","item":"https:\/\/online.sportnaklinika.si\/"},{"@type":"ListItem","position":2,"name":"Checkout-Result"}]},{"@type":"WebSite","@id":"https:\/\/online.sportnaklinika.si\/#website","url":"https:\/\/online.sportnaklinika.si\/","name":"Online \u0160portna Klinika","description":"Online vadba za \u017eenske 40-60 let, prilagojena online vadba za \u017eenske.","publisher":{"@id":"https:\/\/online.sportnaklinika.si\/#organization"},"potentialAction":[{"@type":"SearchAction","target":{"@type":"EntryPoint","urlTemplate":"https:\/\/online.sportnaklinika.si\/?s={search_term_string}"},"query-input":{"@type":"PropertyValueSpecification","valueRequired":true,"valueName":"search_term_string"}}],"inLanguage":"en-US"},{"@type":"Organization","@id":"https:\/\/online.sportnaklinika.si\/#organization","name":"Online \u0160portna Klinika","url":"https:\/\/online.sportnaklinika.si\/","logo":{"@type":"ImageObject","inLanguage":"en-US","@id":"https:\/\/online.sportnaklinika.si\/#\/schema\/logo\/image\/","url":"https:\/\/online.sportnaklinika.si\/wp-content\/uploads\/2023\/11\/cropped-P-01.png","contentUrl":"https:\/\/online.sportnaklinika.si\/wp-content\/uploads\/2023\/11\/cropped-P-01.png","width":2940,"height":492,"caption":"Online \u0160portna Klinika"},"image":{"@id":"https:\/\/online.sportnaklinika.si\/#\/schema\/logo\/image\/"}}]}},"_links":{"self":[{"href":"https:\/\/online.sportnaklinika.si\/en\/wp-json\/wp\/v2\/pages\/333","targetHints":{"allow":["GET"]}}],"collection":[{"href":"https:\/\/online.sportnaklinika.si\/en\/wp-json\/wp\/v2\/pages"}],"about":[{"href":"https:\/\/online.sportnaklinika.si\/en\/wp-json\/wp\/v2\/types\/page"}],"author":[{"embeddable":true,"href":"https:\/\/online.sportnaklinika.si\/en\/wp-json\/wp\/v2\/users\/1"}],"replies":[{"embeddable":true,"href":"https:\/\/online.sportnaklinika.si\/en\/wp-json\/wp\/v2\/comments?post=333"}],"version-history":[{"count":0,"href":"https:\/\/online.sportnaklinika.si\/en\/wp-json\/wp\/v2\/pages\/333\/revisions"}],"wp:attachment":[{"href":"https:\/\/online.sportnaklinika.si\/en\/wp-json\/wp\/v2\/media?parent=333"}],"curies":[{"name":"wp","href":"https:\/\/api.w.org\/{rel}","templated":true}]}}