{"id":922,"date":"2022-04-12T16:56:26","date_gmt":"2022-04-12T16:56:26","guid":{"rendered":"https:\/\/online.sportnaklinika.si\/login-3\/"},"modified":"2024-11-28T21:50:38","modified_gmt":"2024-11-28T21:50:38","slug":"prijava","status":"publish","type":"page","link":"https:\/\/online.sportnaklinika.si\/en\/prijava\/","title":{"rendered":"Login"},"content":{"rendered":"<div data-elementor-type=\"wp-page\" data-elementor-id=\"922\" class=\"elementor elementor-922\" data-elementor-post-type=\"page\">\n\t\t\t\t\t\t<section class=\"has_eae_slider elementor-section elementor-top-section elementor-element elementor-element-a074c1a elementor-section-height-min-height elementor-section-boxed elementor-section-height-default elementor-section-items-middle\" data-eae-slider=\"27324\" data-id=\"a074c1a\" data-element_type=\"section\" data-e-type=\"section\" data-settings=\"{&quot;background_background&quot;:&quot;classic&quot;}\">\n\t\t\t\t\t\t<div class=\"elementor-container elementor-column-gap-default\">\n\t\t\t\t\t<div class=\"has_eae_slider elementor-column elementor-col-100 elementor-top-column elementor-element elementor-element-e1c7bfe\" data-eae-slider=\"39417\" data-id=\"e1c7bfe\" data-element_type=\"column\" data-e-type=\"column\">\n\t\t\t<div class=\"elementor-widget-wrap elementor-element-populated\">\n\t\t\t\t\t\t<div class=\"elementor-element elementor-element-44a3d97 elementor-widget elementor-widget-image\" data-id=\"44a3d97\" data-element_type=\"widget\" data-e-type=\"widget\" data-widget_type=\"image.default\">\n\t\t\t\t<div class=\"elementor-widget-container\">\n\t\t\t\t\t\t\t\t\t\t\t\t\t\t\t<img decoding=\"async\" width=\"165\" height=\"171\" src=\"https:\/\/online.sportnaklinika.si\/wp-content\/uploads\/2024\/02\/image-23.png\" class=\"attachment-large size-large wp-image-7159\" alt=\"\" srcset=\"https:\/\/online.sportnaklinika.si\/wp-content\/uploads\/2024\/02\/image-23.png 165w, https:\/\/online.sportnaklinika.si\/wp-content\/uploads\/2024\/02\/image-23-12x12.png 12w\" sizes=\"(max-width: 165px) 100vw, 165px\" \/>\t\t\t\t\t\t\t\t\t\t\t\t\t\t\t<\/div>\n\t\t\t\t<\/div>\n\t\t\t\t<section class=\"has_eae_slider elementor-section elementor-inner-section elementor-element elementor-element-8efb122 elementor-section-boxed elementor-section-height-default elementor-section-height-default\" data-eae-slider=\"24292\" data-id=\"8efb122\" data-element_type=\"section\" data-e-type=\"section\" data-settings=\"{&quot;background_background&quot;:&quot;classic&quot;}\">\n\t\t\t\t\t\t<div class=\"elementor-container elementor-column-gap-default\">\n\t\t\t\t\t<div class=\"has_eae_slider elementor-column elementor-col-100 elementor-inner-column elementor-element elementor-element-c6e8f26\" data-eae-slider=\"87927\" data-id=\"c6e8f26\" data-element_type=\"column\" data-e-type=\"column\" data-settings=\"{&quot;background_background&quot;:&quot;classic&quot;}\">\n\t\t\t<div class=\"elementor-widget-wrap elementor-element-populated\">\n\t\t\t\t\t\t<div class=\"elementor-element elementor-element-81ee3d9 elementor-widget elementor-widget-shortcode\" data-id=\"81ee3d9\" data-element_type=\"widget\" data-e-type=\"widget\" data-widget_type=\"shortcode.default\">\n\t\t\t\t<div class=\"elementor-widget-container\">\n\t\t\t\t\t\t\t<div class=\"elementor-shortcode\"> <div class=\"tml tml-login\">\n<div class=\"tml-alerts\"><\/div><form name=\"login\" action=\"https:\/\/online.sportnaklinika.si\/en\/prijava\/\" method=\"post\">\n<div class=\"tml-field-wrap tml-log-wrap\">\n<label class=\"tml-label\" for=\"user_login\">Username or Email Address<\/label>\n<input name=\"log\" type=\"text\" value=\"\" id=\"user_login\" autocapitalize=\"off\" class=\"tml-field\">\n<\/div>\n\n<div class=\"tml-field-wrap tml-pwd-wrap\">\n<label class=\"tml-label\" for=\"user_pass\">Password<\/label>\n<input name=\"pwd\" type=\"password\" value=\"\" id=\"user_pass\" class=\"tml-field\">\n<\/div>\n\n\n<div class=\"tml-field-wrap tml-rememberme-wrap\">\n<input name=\"rememberme\" type=\"checkbox\" value=\"forever\" id=\"rememberme\" class=\"tml-checkbox\">\n<label class=\"tml-label\" for=\"rememberme\">Remember Me<\/label>\n<\/div>\n\n<div class=\"tml-field-wrap tml-submit-wrap\">\n<button name=\"submit\" type=\"submit\" class=\"tml-button\">Log In<\/button>\n<\/div>\n\n<input name=\"redirect_to\" type=\"hidden\" value=\"https:\/\/online.sportnaklinika.si\/wp-admin\/\">\n\n<\/form>\n<ul class=\"tml-links\"><li class=\"tml-register-link\"><a href=\"https:\/\/online.sportnaklinika.si\/en\/register\/\">Register<\/a><\/li><li class=\"tml-lostpassword-link\"><a href=\"https:\/\/online.sportnaklinika.si\/en\/izgubljeno-geslo\/\">Lost your password?<\/a><\/li><\/ul><\/div>\n<\/div>\n\t\t\t\t\t\t<\/div>\n\t\t\t\t<\/div>\n\t\t\t\t\t<\/div>\n\t\t<\/div>\n\t\t\t\t\t<\/div>\n\t\t<\/section>\n\t\t\t\t\t<\/div>\n\t\t<\/div>\n\t\t\t\t\t<\/div>\n\t\t<\/section>\n\t\t\t\t<\/div>","protected":false},"excerpt":{"rendered":"","protected":false},"author":1,"featured_media":0,"parent":0,"menu_order":0,"comment_status":"closed","ping_status":"closed","template":"elementor_header_footer","meta":{"_acf_changed":false,"footnotes":""},"class_list":["post-922","page","type-page","status-publish","hentry"],"acf":[],"yoast_head":"<!-- This site is optimized with the Yoast SEO plugin v27.3 - https:\/\/yoast.com\/product\/yoast-seo-wordpress\/ -->\n<title>Login - Online \u0160portna Klinika<\/title>\n<meta name=\"robots\" content=\"index, follow, max-snippet:-1, max-image-preview:large, max-video-preview:-1\" \/>\n<link rel=\"canonical\" href=\"https:\/\/online.sportnaklinika.si\/en\/prijava\/\" \/>\n<meta property=\"og:locale\" content=\"en_US\" \/>\n<meta property=\"og:type\" content=\"article\" \/>\n<meta property=\"og:title\" content=\"Login - Online \u0160portna Klinika\" \/>\n<meta property=\"og:url\" content=\"https:\/\/online.sportnaklinika.si\/en\/prijava\/\" \/>\n<meta property=\"og:site_name\" content=\"Online \u0160portna Klinika\" \/>\n<meta property=\"article:modified_time\" content=\"2024-11-28T21:50:38+00:00\" \/>\n<meta property=\"og:image\" content=\"https:\/\/online.sportnaklinika.si\/wp-content\/uploads\/2024\/02\/image-23.png\" \/>\n\t<meta property=\"og:image:width\" content=\"165\" \/>\n\t<meta property=\"og:image:height\" content=\"171\" \/>\n\t<meta property=\"og:image:type\" content=\"image\/png\" \/>\n<meta name=\"twitter:card\" content=\"summary_large_image\" \/>\n<meta name=\"twitter:label1\" content=\"Est. reading time\" \/>\n\t<meta name=\"twitter:data1\" content=\"1 minute\" \/>\n<script type=\"application\/ld+json\" class=\"yoast-schema-graph\">{\"@context\":\"https:\\\/\\\/schema.org\",\"@graph\":[{\"@type\":\"WebPage\",\"@id\":\"https:\\\/\\\/online.sportnaklinika.si\\\/prijava\\\/\",\"url\":\"https:\\\/\\\/online.sportnaklinika.si\\\/prijava\\\/\",\"name\":\"Login - Online \u0160portna Klinika\",\"isPartOf\":{\"@id\":\"https:\\\/\\\/online.sportnaklinika.si\\\/#website\"},\"primaryImageOfPage\":{\"@id\":\"https:\\\/\\\/online.sportnaklinika.si\\\/prijava\\\/#primaryimage\"},\"image\":{\"@id\":\"https:\\\/\\\/online.sportnaklinika.si\\\/prijava\\\/#primaryimage\"},\"thumbnailUrl\":\"https:\\\/\\\/online.sportnaklinika.si\\\/wp-content\\\/uploads\\\/2024\\\/02\\\/image-23.png\",\"datePublished\":\"2022-04-12T16:56:26+00:00\",\"dateModified\":\"2024-11-28T21:50:38+00:00\",\"breadcrumb\":{\"@id\":\"https:\\\/\\\/online.sportnaklinika.si\\\/prijava\\\/#breadcrumb\"},\"inLanguage\":\"en-US\",\"potentialAction\":[{\"@type\":\"ReadAction\",\"target\":[\"https:\\\/\\\/online.sportnaklinika.si\\\/prijava\\\/\"]}]},{\"@type\":\"ImageObject\",\"inLanguage\":\"en-US\",\"@id\":\"https:\\\/\\\/online.sportnaklinika.si\\\/prijava\\\/#primaryimage\",\"url\":\"https:\\\/\\\/online.sportnaklinika.si\\\/wp-content\\\/uploads\\\/2024\\\/02\\\/image-23.png\",\"contentUrl\":\"https:\\\/\\\/online.sportnaklinika.si\\\/wp-content\\\/uploads\\\/2024\\\/02\\\/image-23.png\"},{\"@type\":\"BreadcrumbList\",\"@id\":\"https:\\\/\\\/online.sportnaklinika.si\\\/prijava\\\/#breadcrumb\",\"itemListElement\":[{\"@type\":\"ListItem\",\"position\":1,\"name\":\"Home\",\"item\":\"https:\\\/\\\/online.sportnaklinika.si\\\/\"},{\"@type\":\"ListItem\",\"position\":2,\"name\":\"Login\"}]},{\"@type\":\"WebSite\",\"@id\":\"https:\\\/\\\/online.sportnaklinika.si\\\/#website\",\"url\":\"https:\\\/\\\/online.sportnaklinika.si\\\/\",\"name\":\"Online \u0160portna Klinika\",\"description\":\"Online vadba za \u017eenske 40-60 let, prilagojena online vadba za \u017eenske.\",\"publisher\":{\"@id\":\"https:\\\/\\\/online.sportnaklinika.si\\\/#organization\"},\"potentialAction\":[{\"@type\":\"SearchAction\",\"target\":{\"@type\":\"EntryPoint\",\"urlTemplate\":\"https:\\\/\\\/online.sportnaklinika.si\\\/?s={search_term_string}\"},\"query-input\":{\"@type\":\"PropertyValueSpecification\",\"valueRequired\":true,\"valueName\":\"search_term_string\"}}],\"inLanguage\":\"en-US\"},{\"@type\":\"Organization\",\"@id\":\"https:\\\/\\\/online.sportnaklinika.si\\\/#organization\",\"name\":\"Online \u0160portna Klinika\",\"url\":\"https:\\\/\\\/online.sportnaklinika.si\\\/\",\"logo\":{\"@type\":\"ImageObject\",\"inLanguage\":\"en-US\",\"@id\":\"https:\\\/\\\/online.sportnaklinika.si\\\/#\\\/schema\\\/logo\\\/image\\\/\",\"url\":\"https:\\\/\\\/online.sportnaklinika.si\\\/wp-content\\\/uploads\\\/2023\\\/11\\\/cropped-P-01.png\",\"contentUrl\":\"https:\\\/\\\/online.sportnaklinika.si\\\/wp-content\\\/uploads\\\/2023\\\/11\\\/cropped-P-01.png\",\"width\":2940,\"height\":492,\"caption\":\"Online \u0160portna Klinika\"},\"image\":{\"@id\":\"https:\\\/\\\/online.sportnaklinika.si\\\/#\\\/schema\\\/logo\\\/image\\\/\"}}]}<\/script>\n<!-- \/ Yoast SEO plugin. -->","yoast_head_json":{"title":"Login - Online \u0160portna Klinika","robots":{"index":"index","follow":"follow","max-snippet":"max-snippet:-1","max-image-preview":"max-image-preview:large","max-video-preview":"max-video-preview:-1"},"canonical":"https:\/\/online.sportnaklinika.si\/en\/prijava\/","og_locale":"en_US","og_type":"article","og_title":"Login - Online \u0160portna Klinika","og_url":"https:\/\/online.sportnaklinika.si\/en\/prijava\/","og_site_name":"Online \u0160portna Klinika","article_modified_time":"2024-11-28T21:50:38+00:00","og_image":[{"width":165,"height":171,"url":"https:\/\/online.sportnaklinika.si\/wp-content\/uploads\/2024\/02\/image-23.png","type":"image\/png"}],"twitter_card":"summary_large_image","twitter_misc":{"Est. reading time":"1 minute"},"schema":{"@context":"https:\/\/schema.org","@graph":[{"@type":"WebPage","@id":"https:\/\/online.sportnaklinika.si\/prijava\/","url":"https:\/\/online.sportnaklinika.si\/prijava\/","name":"Login - Online \u0160portna Klinika","isPartOf":{"@id":"https:\/\/online.sportnaklinika.si\/#website"},"primaryImageOfPage":{"@id":"https:\/\/online.sportnaklinika.si\/prijava\/#primaryimage"},"image":{"@id":"https:\/\/online.sportnaklinika.si\/prijava\/#primaryimage"},"thumbnailUrl":"https:\/\/online.sportnaklinika.si\/wp-content\/uploads\/2024\/02\/image-23.png","datePublished":"2022-04-12T16:56:26+00:00","dateModified":"2024-11-28T21:50:38+00:00","breadcrumb":{"@id":"https:\/\/online.sportnaklinika.si\/prijava\/#breadcrumb"},"inLanguage":"en-US","potentialAction":[{"@type":"ReadAction","target":["https:\/\/online.sportnaklinika.si\/prijava\/"]}]},{"@type":"ImageObject","inLanguage":"en-US","@id":"https:\/\/online.sportnaklinika.si\/prijava\/#primaryimage","url":"https:\/\/online.sportnaklinika.si\/wp-content\/uploads\/2024\/02\/image-23.png","contentUrl":"https:\/\/online.sportnaklinika.si\/wp-content\/uploads\/2024\/02\/image-23.png"},{"@type":"BreadcrumbList","@id":"https:\/\/online.sportnaklinika.si\/prijava\/#breadcrumb","itemListElement":[{"@type":"ListItem","position":1,"name":"Home","item":"https:\/\/online.sportnaklinika.si\/"},{"@type":"ListItem","position":2,"name":"Login"}]},{"@type":"WebSite","@id":"https:\/\/online.sportnaklinika.si\/#website","url":"https:\/\/online.sportnaklinika.si\/","name":"Online \u0160portna Klinika","description":"Online vadba za \u017eenske 40-60 let, prilagojena online vadba za \u017eenske.","publisher":{"@id":"https:\/\/online.sportnaklinika.si\/#organization"},"potentialAction":[{"@type":"SearchAction","target":{"@type":"EntryPoint","urlTemplate":"https:\/\/online.sportnaklinika.si\/?s={search_term_string}"},"query-input":{"@type":"PropertyValueSpecification","valueRequired":true,"valueName":"search_term_string"}}],"inLanguage":"en-US"},{"@type":"Organization","@id":"https:\/\/online.sportnaklinika.si\/#organization","name":"Online \u0160portna Klinika","url":"https:\/\/online.sportnaklinika.si\/","logo":{"@type":"ImageObject","inLanguage":"en-US","@id":"https:\/\/online.sportnaklinika.si\/#\/schema\/logo\/image\/","url":"https:\/\/online.sportnaklinika.si\/wp-content\/uploads\/2023\/11\/cropped-P-01.png","contentUrl":"https:\/\/online.sportnaklinika.si\/wp-content\/uploads\/2023\/11\/cropped-P-01.png","width":2940,"height":492,"caption":"Online \u0160portna Klinika"},"image":{"@id":"https:\/\/online.sportnaklinika.si\/#\/schema\/logo\/image\/"}}]}},"_links":{"self":[{"href":"https:\/\/online.sportnaklinika.si\/en\/wp-json\/wp\/v2\/pages\/922","targetHints":{"allow":["GET"]}}],"collection":[{"href":"https:\/\/online.sportnaklinika.si\/en\/wp-json\/wp\/v2\/pages"}],"about":[{"href":"https:\/\/online.sportnaklinika.si\/en\/wp-json\/wp\/v2\/types\/page"}],"author":[{"embeddable":true,"href":"https:\/\/online.sportnaklinika.si\/en\/wp-json\/wp\/v2\/users\/1"}],"replies":[{"embeddable":true,"href":"https:\/\/online.sportnaklinika.si\/en\/wp-json\/wp\/v2\/comments?post=922"}],"version-history":[{"count":0,"href":"https:\/\/online.sportnaklinika.si\/en\/wp-json\/wp\/v2\/pages\/922\/revisions"}],"wp:attachment":[{"href":"https:\/\/online.sportnaklinika.si\/en\/wp-json\/wp\/v2\/media?parent=922"}],"curies":[{"name":"wp","href":"https:\/\/api.w.org\/{rel}","templated":true}]}}