{"id":625,"date":"2022-03-23T10:16:09","date_gmt":"2022-03-23T10:16:09","guid":{"rendered":"https:\/\/online.sportnaklinika.si\/?post_type=product&#038;p=625"},"modified":"2022-04-14T12:15:31","modified_gmt":"2022-04-14T12:15:31","slug":"narocnina-za-online-vadbo-trr","status":"publish","type":"product","link":"https:\/\/online.sportnaklinika.si\/en\/product\/narocnina-za-online-vadbo-trr\/","title":{"rendered":"Naro\u010dnina za online vadbo TRR"},"content":{"rendered":"<h1 style=\"text-align: center; font-family: rubik;\"><span style=\"vertical-align: inherit;\"><span style=\"vertical-align: inherit;\"><span style=\"vertical-align: inherit;\"><span style=\"vertical-align: inherit;\"><span style=\"vertical-align: inherit;\"><span style=\"vertical-align: inherit;\">SUCCESS STORIES<\/span><\/span><\/span><\/span><\/span><\/span><\/h1>\n<h3 style=\"font-family: rubik;\"><span style=\"vertical-align: inherit;\"><span style=\"vertical-align: inherit;\"><span style=\"vertical-align: inherit;\"><span style=\"vertical-align: inherit;\"><span style=\"vertical-align: inherit;\"><span style=\"vertical-align: inherit;\">KATJA -22kg JASNA -24.1kg ANA -9.3kg BARBARA -22kg<\/span><\/span><\/span><\/span><\/span><\/span><\/h3>\n<p><img fetchpriority=\"high\" decoding=\"async\" class=\"alignnone size-medium wp-image-129\" src=\"http:\/\/online.sportnaklinika.si\/wp-content\/uploads\/2022\/01\/homepage_3-212x300.png\" alt=\"\" width=\"212\" height=\"300\" srcset=\"https:\/\/online.sportnaklinika.si\/wp-content\/uploads\/2022\/01\/homepage_3-212x300.png 212w, https:\/\/online.sportnaklinika.si\/wp-content\/uploads\/2022\/01\/homepage_3-600x850.png 600w, https:\/\/online.sportnaklinika.si\/wp-content\/uploads\/2022\/01\/homepage_3-723x1024.png 723w, https:\/\/online.sportnaklinika.si\/wp-content\/uploads\/2022\/01\/homepage_3.png 768w\" sizes=\"(max-width: 212px) 100vw, 212px\" \/>\u00a0 \u00a0 \u00a0<img decoding=\"async\" class=\"alignnone size-medium wp-image-130\" src=\"http:\/\/online.sportnaklinika.si\/wp-content\/uploads\/2022\/01\/jasna_profilna_1-212x300.jpg\" alt=\"\" width=\"212\" height=\"300\" srcset=\"https:\/\/online.sportnaklinika.si\/wp-content\/uploads\/2022\/01\/jasna_profilna_1-212x300.jpg 212w, https:\/\/online.sportnaklinika.si\/wp-content\/uploads\/2022\/01\/jasna_profilna_1-600x850.jpg 600w, https:\/\/online.sportnaklinika.si\/wp-content\/uploads\/2022\/01\/jasna_profilna_1-723x1024.jpg 723w, https:\/\/online.sportnaklinika.si\/wp-content\/uploads\/2022\/01\/jasna_profilna_1.jpg 768w\" sizes=\"(max-width: 212px) 100vw, 212px\" \/>\u00a0 \u00a0 \u00a0<img decoding=\"async\" class=\"alignnone size-medium wp-image-128\" src=\"http:\/\/online.sportnaklinika.si\/wp-content\/uploads\/2022\/01\/ana_profilna_1-212x300.jpg\" alt=\"\" width=\"212\" height=\"300\" srcset=\"https:\/\/online.sportnaklinika.si\/wp-content\/uploads\/2022\/01\/ana_profilna_1-212x300.jpg 212w, https:\/\/online.sportnaklinika.si\/wp-content\/uploads\/2022\/01\/ana_profilna_1-600x850.jpg 600w, https:\/\/online.sportnaklinika.si\/wp-content\/uploads\/2022\/01\/ana_profilna_1-723x1024.jpg 723w, https:\/\/online.sportnaklinika.si\/wp-content\/uploads\/2022\/01\/ana_profilna_1.jpg 768w\" sizes=\"(max-width: 212px) 100vw, 212px\" \/>\u00a0 \u00a0 \u00a0<img loading=\"lazy\" decoding=\"async\" class=\"alignnone size-medium wp-image-121\" src=\"http:\/\/online.sportnaklinika.si\/wp-content\/uploads\/2022\/01\/oseba-1-231x300.jpg\" alt=\"\" width=\"231\" height=\"300\" srcset=\"https:\/\/online.sportnaklinika.si\/wp-content\/uploads\/2022\/01\/oseba-1-231x300.jpg 231w, https:\/\/online.sportnaklinika.si\/wp-content\/uploads\/2022\/01\/oseba-1.jpg 500w\" sizes=\"(max-width: 231px) 100vw, 231px\" \/><\/p>\n<p>&nbsp;<\/p>\n<p>&nbsp;<\/p>\n<p>&nbsp;<\/p>\n<h1 style=\"text-align: center;\"><span style=\"vertical-align: inherit;\"><span style=\"vertical-align: inherit;\"><span style=\"vertical-align: inherit;\"><span style=\"vertical-align: inherit;\"><span style=\"vertical-align: inherit;\"><span style=\"vertical-align: inherit;\">AS SEEN ON:<\/span><\/span><\/span><\/span><\/span><\/span><\/h1>\n<p><img loading=\"lazy\" decoding=\"async\" class=\"alignnone size-full wp-image-264 alignleft\" src=\"http:\/\/online.sportnaklinika.si\/wp-content\/uploads\/2022\/01\/24ur_0.jpg\" alt=\"\" width=\"92\" height=\"142\" srcset=\"https:\/\/online.sportnaklinika.si\/wp-content\/uploads\/2022\/01\/24ur_0.jpg 92w, https:\/\/online.sportnaklinika.si\/wp-content\/uploads\/2022\/01\/24ur_0-8x12.jpg 8w\" sizes=\"(max-width: 92px) 100vw, 92px\" \/>\u00a0 \u00a0 \u00a0 \u00a0 \u00a0 \u00a0 <img loading=\"lazy\" decoding=\"async\" class=\"alignnone size-full wp-image-265 alignleft\" src=\"http:\/\/online.sportnaklinika.si\/wp-content\/uploads\/2022\/01\/aktivni.jpg\" alt=\"\" width=\"148\" height=\"142\" srcset=\"https:\/\/online.sportnaklinika.si\/wp-content\/uploads\/2022\/01\/aktivni.jpg 148w, https:\/\/online.sportnaklinika.si\/wp-content\/uploads\/2022\/01\/aktivni-13x12.jpg 13w\" sizes=\"(max-width: 148px) 100vw, 148px\" \/>\u00a0 \u00a0 \u00a0 \u00a0 \u00a0 \u00a0 <img loading=\"lazy\" decoding=\"async\" class=\"alignnone size-full wp-image-266 alignleft\" src=\"http:\/\/online.sportnaklinika.si\/wp-content\/uploads\/2022\/01\/delo.jpg\" alt=\"\" width=\"146\" height=\"142\" srcset=\"https:\/\/online.sportnaklinika.si\/wp-content\/uploads\/2022\/01\/delo.jpg 146w, https:\/\/online.sportnaklinika.si\/wp-content\/uploads\/2022\/01\/delo-12x12.jpg 12w\" sizes=\"(max-width: 146px) 100vw, 146px\" \/>\u00a0 \u00a0 \u00a0 \u00a0 \u00a0 \u00a0 <img loading=\"lazy\" decoding=\"async\" class=\"alignnone size-full wp-image-268 alignleft\" src=\"http:\/\/online.sportnaklinika.si\/wp-content\/uploads\/2022\/01\/lea.jpg\" alt=\"\" width=\"93\" height=\"142\" srcset=\"https:\/\/online.sportnaklinika.si\/wp-content\/uploads\/2022\/01\/lea.jpg 93w, https:\/\/online.sportnaklinika.si\/wp-content\/uploads\/2022\/01\/lea-8x12.jpg 8w\" sizes=\"(max-width: 93px) 100vw, 93px\" \/><\/p>\n<p><img loading=\"lazy\" decoding=\"async\" class=\"alignnone size-full wp-image-270 alignleft\" src=\"http:\/\/online.sportnaklinika.si\/wp-content\/uploads\/2022\/01\/micna.jpg\" alt=\"\" width=\"177\" height=\"142\" srcset=\"https:\/\/online.sportnaklinika.si\/wp-content\/uploads\/2022\/01\/micna.jpg 177w, https:\/\/online.sportnaklinika.si\/wp-content\/uploads\/2022\/01\/micna-15x12.jpg 15w\" sizes=\"(max-width: 177px) 100vw, 177px\" \/>\u00a0 \u00a0 \u00a0 \u00a0 \u00a0 \u00a0 <img loading=\"lazy\" decoding=\"async\" class=\"alignnone size-full wp-image-272 alignleft\" src=\"http:\/\/online.sportnaklinika.si\/wp-content\/uploads\/2022\/01\/zarja.jpg\" alt=\"\" width=\"132\" height=\"142\" srcset=\"https:\/\/online.sportnaklinika.si\/wp-content\/uploads\/2022\/01\/zarja.jpg 132w, https:\/\/online.sportnaklinika.si\/wp-content\/uploads\/2022\/01\/zarja-11x12.jpg 11w\" sizes=\"(max-width: 132px) 100vw, 132px\" \/>\u00a0 \u00a0 \u00a0 \u00a0 \u00a0 \u00a0 \u00a0<img loading=\"lazy\" decoding=\"async\" class=\"alignnone size-full wp-image-269 alignleft\" src=\"http:\/\/online.sportnaklinika.si\/wp-content\/uploads\/2022\/01\/lisa.jpg\" alt=\"\" width=\"155\" height=\"142\" srcset=\"https:\/\/online.sportnaklinika.si\/wp-content\/uploads\/2022\/01\/lisa.jpg 155w, https:\/\/online.sportnaklinika.si\/wp-content\/uploads\/2022\/01\/lisa-13x12.jpg 13w\" sizes=\"(max-width: 155px) 100vw, 155px\" \/><\/p>","protected":false},"excerpt":{"rendered":"<p><img loading=\"lazy\" decoding=\"async\" class=\"size-full wp-image-438 alignleft\" src=\"http:\/\/online.sportnaklinika.si\/wp-content\/uploads\/2022\/01\/SSL-Certifikat-1.png\" alt=\"guarantee security of purchase ssl checkout safe\" width=\"300\" height=\"80\" srcset=\"https:\/\/online.sportnaklinika.si\/wp-content\/uploads\/2022\/01\/SSL-Certifikat-1.png 300w, https:\/\/online.sportnaklinika.si\/wp-content\/uploads\/2022\/01\/SSL-Certifikat-1-18x5.png 18w\" sizes=\"(max-width: 300px) 100vw, 300px\" \/><\/p>","protected":false},"featured_media":279,"template":"","meta":{"_acf_changed":false},"product_brand":[],"product_cat":[18],"product_tag":[],"class_list":{"0":"post-625","1":"product","2":"type-product","3":"status-publish","4":"has-post-thumbnail","6":"product_cat-online-vadba","8":"first","9":"instock","10":"virtual","11":"taxable","12":"purchasable","13":"product-type-simple"},"acf":[],"yoast_head":"<!-- This site is optimized with the Yoast SEO plugin v27.3 - https:\/\/yoast.com\/product\/yoast-seo-wordpress\/ -->\n<title>Online vadba za \u017eenske 40-60 let - Naro\u010di se zdaj, \u017ee od 39,90\u20ac!<\/title>\n<meta name=\"description\" content=\"Online vadba za \u017eenske 40-60 let, prej 290\u20ac, sedaj le 39,90\u20ac. Online prilagojene vadbe \u0160portne Klinike. Sedaj mogo\u010de pla\u010dilo tudi preko TRR.\" \/>\n<meta name=\"robots\" content=\"index, follow, max-snippet:-1, max-image-preview:large, max-video-preview:-1\" \/>\n<link rel=\"canonical\" href=\"https:\/\/online.sportnaklinika.si\/en\/product\/narocnina-za-online-vadbo-trr\/\" \/>\n<meta property=\"og:locale\" content=\"en_US\" \/>\n<meta property=\"og:type\" content=\"article\" \/>\n<meta property=\"og:title\" content=\"Online vadba za \u017eenske 40-60 let - Naro\u010di se zdaj, \u017ee od 39,90\u20ac!\" \/>\n<meta property=\"og:description\" content=\"Online vadba za \u017eenske 40-60 let, prej 290\u20ac, sedaj le 39,90\u20ac. Online prilagojene vadbe \u0160portne Klinike. Sedaj mogo\u010de pla\u010dilo tudi preko TRR.\" \/>\n<meta property=\"og:url\" content=\"https:\/\/online.sportnaklinika.si\/en\/product\/narocnina-za-online-vadbo-trr\/\" \/>\n<meta property=\"og:site_name\" content=\"Online \u0160portna Klinika\" \/>\n<meta property=\"article:modified_time\" content=\"2022-04-14T12:15:31+00:00\" \/>\n<meta property=\"og:image\" content=\"https:\/\/online.sportnaklinika.si\/wp-content\/uploads\/2022\/01\/plan.png\" \/>\n\t<meta property=\"og:image:width\" content=\"512\" \/>\n\t<meta property=\"og:image:height\" content=\"512\" \/>\n\t<meta property=\"og:image:type\" content=\"image\/png\" \/>\n<meta name=\"twitter:card\" content=\"summary_large_image\" \/>\n<script type=\"application\/ld+json\" class=\"yoast-schema-graph\">{\"@context\":\"https:\\\/\\\/schema.org\",\"@graph\":[{\"@type\":\"WebPage\",\"@id\":\"https:\\\/\\\/online.sportnaklinika.si\\\/product\\\/narocnina-za-online-vadbo-trr\\\/\",\"url\":\"https:\\\/\\\/online.sportnaklinika.si\\\/product\\\/narocnina-za-online-vadbo-trr\\\/\",\"name\":\"Online vadba za \u017eenske 40-60 let - Naro\u010di se zdaj, \u017ee od 39,90\u20ac!\",\"isPartOf\":{\"@id\":\"https:\\\/\\\/online.sportnaklinika.si\\\/#website\"},\"primaryImageOfPage\":{\"@id\":\"https:\\\/\\\/online.sportnaklinika.si\\\/product\\\/narocnina-za-online-vadbo-trr\\\/#primaryimage\"},\"image\":{\"@id\":\"https:\\\/\\\/online.sportnaklinika.si\\\/product\\\/narocnina-za-online-vadbo-trr\\\/#primaryimage\"},\"thumbnailUrl\":\"https:\\\/\\\/online.sportnaklinika.si\\\/wp-content\\\/uploads\\\/2022\\\/01\\\/plan.png\",\"datePublished\":\"2022-03-23T10:16:09+00:00\",\"dateModified\":\"2022-04-14T12:15:31+00:00\",\"description\":\"Online vadba za \u017eenske 40-60 let, prej 290\u20ac, sedaj le 39,90\u20ac. Online prilagojene vadbe \u0160portne Klinike. Sedaj mogo\u010de pla\u010dilo tudi preko TRR.\",\"breadcrumb\":{\"@id\":\"https:\\\/\\\/online.sportnaklinika.si\\\/product\\\/narocnina-za-online-vadbo-trr\\\/#breadcrumb\"},\"inLanguage\":\"en-US\",\"potentialAction\":[{\"@type\":\"ReadAction\",\"target\":[\"https:\\\/\\\/online.sportnaklinika.si\\\/product\\\/narocnina-za-online-vadbo-trr\\\/\"]}]},{\"@type\":\"ImageObject\",\"inLanguage\":\"en-US\",\"@id\":\"https:\\\/\\\/online.sportnaklinika.si\\\/product\\\/narocnina-za-online-vadbo-trr\\\/#primaryimage\",\"url\":\"https:\\\/\\\/online.sportnaklinika.si\\\/wp-content\\\/uploads\\\/2022\\\/01\\\/plan.png\",\"contentUrl\":\"https:\\\/\\\/online.sportnaklinika.si\\\/wp-content\\\/uploads\\\/2022\\\/01\\\/plan.png\",\"width\":512,\"height\":512},{\"@type\":\"BreadcrumbList\",\"@id\":\"https:\\\/\\\/online.sportnaklinika.si\\\/product\\\/narocnina-za-online-vadbo-trr\\\/#breadcrumb\",\"itemListElement\":[{\"@type\":\"ListItem\",\"position\":1,\"name\":\"Home\",\"item\":\"https:\\\/\\\/online.sportnaklinika.si\\\/\"},{\"@type\":\"ListItem\",\"position\":2,\"name\":\"Izdelki\",\"item\":\"https:\\\/\\\/online.sportnaklinika.si\\\/shop\\\/\"},{\"@type\":\"ListItem\",\"position\":3,\"name\":\"Naro\u010dnina za online vadbo TRR\"}]},{\"@type\":\"WebSite\",\"@id\":\"https:\\\/\\\/online.sportnaklinika.si\\\/#website\",\"url\":\"https:\\\/\\\/online.sportnaklinika.si\\\/\",\"name\":\"Online \u0160portna Klinika\",\"description\":\"Online vadba za \u017eenske 40-60 let, prilagojena online vadba za \u017eenske.\",\"publisher\":{\"@id\":\"https:\\\/\\\/online.sportnaklinika.si\\\/#organization\"},\"potentialAction\":[{\"@type\":\"SearchAction\",\"target\":{\"@type\":\"EntryPoint\",\"urlTemplate\":\"https:\\\/\\\/online.sportnaklinika.si\\\/?s={search_term_string}\"},\"query-input\":{\"@type\":\"PropertyValueSpecification\",\"valueRequired\":true,\"valueName\":\"search_term_string\"}}],\"inLanguage\":\"en-US\"},{\"@type\":\"Organization\",\"@id\":\"https:\\\/\\\/online.sportnaklinika.si\\\/#organization\",\"name\":\"Online \u0160portna Klinika\",\"url\":\"https:\\\/\\\/online.sportnaklinika.si\\\/\",\"logo\":{\"@type\":\"ImageObject\",\"inLanguage\":\"en-US\",\"@id\":\"https:\\\/\\\/online.sportnaklinika.si\\\/#\\\/schema\\\/logo\\\/image\\\/\",\"url\":\"https:\\\/\\\/online.sportnaklinika.si\\\/wp-content\\\/uploads\\\/2023\\\/11\\\/cropped-P-01.png\",\"contentUrl\":\"https:\\\/\\\/online.sportnaklinika.si\\\/wp-content\\\/uploads\\\/2023\\\/11\\\/cropped-P-01.png\",\"width\":2940,\"height\":492,\"caption\":\"Online \u0160portna Klinika\"},\"image\":{\"@id\":\"https:\\\/\\\/online.sportnaklinika.si\\\/#\\\/schema\\\/logo\\\/image\\\/\"}}]}<\/script>\n<!-- \/ Yoast SEO plugin. -->","yoast_head_json":{"title":"Online vadba za \u017eenske 40-60 let - Naro\u010di se zdaj, \u017ee od 39,90\u20ac!","description":"Online vadba za \u017eenske 40-60 let, prej 290\u20ac, sedaj le 39,90\u20ac. Online prilagojene vadbe \u0160portne Klinike. Sedaj mogo\u010de pla\u010dilo tudi preko TRR.","robots":{"index":"index","follow":"follow","max-snippet":"max-snippet:-1","max-image-preview":"max-image-preview:large","max-video-preview":"max-video-preview:-1"},"canonical":"https:\/\/online.sportnaklinika.si\/en\/product\/narocnina-za-online-vadbo-trr\/","og_locale":"en_US","og_type":"article","og_title":"Online vadba za \u017eenske 40-60 let - Naro\u010di se zdaj, \u017ee od 39,90\u20ac!","og_description":"Online vadba za \u017eenske 40-60 let, prej 290\u20ac, sedaj le 39,90\u20ac. Online prilagojene vadbe \u0160portne Klinike. Sedaj mogo\u010de pla\u010dilo tudi preko TRR.","og_url":"https:\/\/online.sportnaklinika.si\/en\/product\/narocnina-za-online-vadbo-trr\/","og_site_name":"Online \u0160portna Klinika","article_modified_time":"2022-04-14T12:15:31+00:00","og_image":[{"width":512,"height":512,"url":"https:\/\/online.sportnaklinika.si\/wp-content\/uploads\/2022\/01\/plan.png","type":"image\/png"}],"twitter_card":"summary_large_image","schema":{"@context":"https:\/\/schema.org","@graph":[{"@type":"WebPage","@id":"https:\/\/online.sportnaklinika.si\/product\/narocnina-za-online-vadbo-trr\/","url":"https:\/\/online.sportnaklinika.si\/product\/narocnina-za-online-vadbo-trr\/","name":"Online vadba za \u017eenske 40-60 let - Naro\u010di se zdaj, \u017ee od 39,90\u20ac!","isPartOf":{"@id":"https:\/\/online.sportnaklinika.si\/#website"},"primaryImageOfPage":{"@id":"https:\/\/online.sportnaklinika.si\/product\/narocnina-za-online-vadbo-trr\/#primaryimage"},"image":{"@id":"https:\/\/online.sportnaklinika.si\/product\/narocnina-za-online-vadbo-trr\/#primaryimage"},"thumbnailUrl":"https:\/\/online.sportnaklinika.si\/wp-content\/uploads\/2022\/01\/plan.png","datePublished":"2022-03-23T10:16:09+00:00","dateModified":"2022-04-14T12:15:31+00:00","description":"Online vadba za \u017eenske 40-60 let, prej 290\u20ac, sedaj le 39,90\u20ac. Online prilagojene vadbe \u0160portne Klinike. Sedaj mogo\u010de pla\u010dilo tudi preko TRR.","breadcrumb":{"@id":"https:\/\/online.sportnaklinika.si\/product\/narocnina-za-online-vadbo-trr\/#breadcrumb"},"inLanguage":"en-US","potentialAction":[{"@type":"ReadAction","target":["https:\/\/online.sportnaklinika.si\/product\/narocnina-za-online-vadbo-trr\/"]}]},{"@type":"ImageObject","inLanguage":"en-US","@id":"https:\/\/online.sportnaklinika.si\/product\/narocnina-za-online-vadbo-trr\/#primaryimage","url":"https:\/\/online.sportnaklinika.si\/wp-content\/uploads\/2022\/01\/plan.png","contentUrl":"https:\/\/online.sportnaklinika.si\/wp-content\/uploads\/2022\/01\/plan.png","width":512,"height":512},{"@type":"BreadcrumbList","@id":"https:\/\/online.sportnaklinika.si\/product\/narocnina-za-online-vadbo-trr\/#breadcrumb","itemListElement":[{"@type":"ListItem","position":1,"name":"Home","item":"https:\/\/online.sportnaklinika.si\/"},{"@type":"ListItem","position":2,"name":"Izdelki","item":"https:\/\/online.sportnaklinika.si\/shop\/"},{"@type":"ListItem","position":3,"name":"Naro\u010dnina za online vadbo TRR"}]},{"@type":"WebSite","@id":"https:\/\/online.sportnaklinika.si\/#website","url":"https:\/\/online.sportnaklinika.si\/","name":"Online \u0160portna Klinika","description":"Online vadba za \u017eenske 40-60 let, prilagojena online vadba za \u017eenske.","publisher":{"@id":"https:\/\/online.sportnaklinika.si\/#organization"},"potentialAction":[{"@type":"SearchAction","target":{"@type":"EntryPoint","urlTemplate":"https:\/\/online.sportnaklinika.si\/?s={search_term_string}"},"query-input":{"@type":"PropertyValueSpecification","valueRequired":true,"valueName":"search_term_string"}}],"inLanguage":"en-US"},{"@type":"Organization","@id":"https:\/\/online.sportnaklinika.si\/#organization","name":"Online \u0160portna Klinika","url":"https:\/\/online.sportnaklinika.si\/","logo":{"@type":"ImageObject","inLanguage":"en-US","@id":"https:\/\/online.sportnaklinika.si\/#\/schema\/logo\/image\/","url":"https:\/\/online.sportnaklinika.si\/wp-content\/uploads\/2023\/11\/cropped-P-01.png","contentUrl":"https:\/\/online.sportnaklinika.si\/wp-content\/uploads\/2023\/11\/cropped-P-01.png","width":2940,"height":492,"caption":"Online \u0160portna Klinika"},"image":{"@id":"https:\/\/online.sportnaklinika.si\/#\/schema\/logo\/image\/"}}]}},"_links":{"self":[{"href":"https:\/\/online.sportnaklinika.si\/en\/wp-json\/wp\/v2\/product\/625","targetHints":{"allow":["GET"]}}],"collection":[{"href":"https:\/\/online.sportnaklinika.si\/en\/wp-json\/wp\/v2\/product"}],"about":[{"href":"https:\/\/online.sportnaklinika.si\/en\/wp-json\/wp\/v2\/types\/product"}],"wp:featuredmedia":[{"embeddable":true,"href":"https:\/\/online.sportnaklinika.si\/en\/wp-json\/wp\/v2\/media\/279"}],"wp:attachment":[{"href":"https:\/\/online.sportnaklinika.si\/en\/wp-json\/wp\/v2\/media?parent=625"}],"wp:term":[{"taxonomy":"product_brand","embeddable":true,"href":"https:\/\/online.sportnaklinika.si\/en\/wp-json\/wp\/v2\/product_brand?post=625"},{"taxonomy":"product_cat","embeddable":true,"href":"https:\/\/online.sportnaklinika.si\/en\/wp-json\/wp\/v2\/product_cat?post=625"},{"taxonomy":"product_tag","embeddable":true,"href":"https:\/\/online.sportnaklinika.si\/en\/wp-json\/wp\/v2\/product_tag?post=625"}],"curies":[{"name":"wp","href":"https:\/\/api.w.org\/{rel}","templated":true}]}}